{"id":10284,"date":"2024-11-05T16:23:50","date_gmt":"2024-11-05T15:23:50","guid":{"rendered":"https:\/\/ascanioquimica.com\/politique-de-confidentialite\/"},"modified":"2025-01-20T13:43:50","modified_gmt":"2025-01-20T12:43:50","slug":"politique-de-confidentialite","status":"publish","type":"page","link":"https:\/\/ascanioquimica.com\/fr\/politique-de-confidentialite\/","title":{"rendered":"Politique de confidentialit\u00e9"},"content":{"rendered":"\t\t<div data-elementor-type=\"wp-page\" data-elementor-id=\"10284\" class=\"elementor elementor-10284 elementor-927\" data-elementor-post-type=\"page\">\n\t\t\t\t<div class=\"elementor-element elementor-element-54bd1931 e-flex e-con-boxed e-con e-parent\" data-id=\"54bd1931\" data-element_type=\"container\" data-e-type=\"container\" data-settings=\"{&quot;background_background&quot;:&quot;classic&quot;}\">\n\t\t\t\t\t<div class=\"e-con-inner\">\n\t\t<div class=\"elementor-element elementor-element-6706e368 e-con-full e-flex e-con e-child\" data-id=\"6706e368\" data-element_type=\"container\" data-e-type=\"container\">\n\t\t\t\t<div class=\"elementor-element elementor-element-6b9ff3ff elementor-widget elementor-widget-heading\" data-id=\"6b9ff3ff\" data-element_type=\"widget\" data-e-type=\"widget\" data-widget_type=\"heading.default\">\n\t\t\t\t<div class=\"elementor-widget-container\">\n\t\t\t\t\t<h2 class=\"elementor-heading-title elementor-size-default\">Politique de confidentialit\u00e9<\/h2>\t\t\t\t<\/div>\n\t\t\t\t<\/div>\n\t\t\t\t<\/div>\n\t\t\t\t\t<\/div>\n\t\t\t\t<\/div>\n\t\t<div class=\"elementor-element elementor-element-6e23459 e-flex e-con-boxed e-con e-parent\" data-id=\"6e23459\" data-element_type=\"container\" data-e-type=\"container\">\n\t\t\t\t\t<div class=\"e-con-inner\">\n\t\t<div class=\"elementor-element elementor-element-3ffea94 e-con-full e-flex e-con e-child\" data-id=\"3ffea94\" data-element_type=\"container\" data-e-type=\"container\" data-settings=\"{&quot;background_background&quot;:&quot;classic&quot;}\">\n\t\t\t\t<div class=\"elementor-element elementor-element-f3f9f5a elementor-widget elementor-widget-text-editor\" data-id=\"f3f9f5a\" data-element_type=\"widget\" data-e-type=\"widget\" data-widget_type=\"text-editor.default\">\n\t\t\t\t<div class=\"elementor-widget-container\">\n\t\t\t\t\t\t\t\t\t<p><em><strong>Politique de confidentialit\u00e9 et de protection des donn\u00e9es<\/strong><\/em><\/p>\n<p><strong>Responsable :<\/strong> ASCANIO QU\u00cdMICA,S.A. (ci-apr\u00e8s &#8220;l&#8217;entreprise&#8221;).<br \/><strong>Coordonn\u00e9es de l&#8217;ENTREPRISE :<\/strong> Pol.Ind. Valle de G\u00fc\u00edmar, M7-P1-CANDELARIA. SANTA CRUZ DE TENERIFE, et e-mail info@ascanioquimica.com CIF : A38026605  <\/p>\n<p>U<strong>tilisation et finalit\u00e9 des donn\u00e9es obtenues<\/strong> Les donn\u00e9es que nous vous demandons dans le formulaire de notre site web sont appropri\u00e9es, pertinentes et strictement n\u00e9cessaires pour r\u00e9pondre \u00e0 votre demande d&#8217;information, et vous n&#8217;\u00eates en aucun cas oblig\u00e9 de les fournir. Les donn\u00e9es \u00e0 fournir sont pr\u00e9cis\u00e9es dans le formulaire lui-m\u00eame. Vous nous assurez \u00e9galement que toutes les donn\u00e9es fournies sont vraies, exactes et pertinentes au regard de la finalit\u00e9 pour laquelle elles sont demand\u00e9es, et que vous n&#8217;\u00eates pas inscrit dans un fichier Robinson ou toute autre liste d&#8217;exclusion similaire.  <br \/>Les donn\u00e9es personnelles fournies seront conserv\u00e9es pendant toute la dur\u00e9e de la relation commerciale et, une fois cette relation termin\u00e9e, elles seront bloqu\u00e9es pendant la p\u00e9riode l\u00e9galement pr\u00e9vue, avant d&#8217;\u00eatre d\u00e9truites.<br \/>L&#8217;envoi de celles-ci implique votre autorisation expresse de les incorporer dans nos fichiers correspondants, dans la mesure o\u00f9 LA COMPAGNIE consid\u00e8re que cela est utile pour la gestion de la demande que vous faites.<br \/>De m\u00eame, vous consentez express\u00e9ment \u00e0 ce que vos donn\u00e9es personnelles soient transf\u00e9r\u00e9es \u00e0 des soci\u00e9t\u00e9s tierces lorsque cela est n\u00e9cessaire pour traiter votre demande.<br \/>Afin que nous puissions maintenir vos donn\u00e9es personnelles \u00e0 jour, il est important que vous nous informiez de tout changement les concernant et que vous nous informiez si, apr\u00e8s la collecte de vos donn\u00e9es, vous d\u00e9cidez de vous inscrire dans un fichier Robinson ou une liste similaire. Nous consid\u00e9rons que si vous n&#8217;annulez pas express\u00e9ment vos donn\u00e9es personnelles de nos fichiers, vous restez int\u00e9ress\u00e9 \u00e0 continuer \u00e0 y \u00eatre inclus jusqu&#8217;\u00e0 ce que le contr\u00f4leur le juge appropri\u00e9 et aussi longtemps que cela est appropri\u00e9 pour le but pour lequel elles ont \u00e9t\u00e9 obtenues.<\/p>\n<p>D<strong>roits des personnes concern\u00e9es<\/strong> Le propri\u00e9taire des donn\u00e9es personnelles a le droit : d&#8217;obtenir la confirmation que le contr\u00f4leur traite ou non les donn\u00e9es personnelles le concernant.<br \/>L&#8217;acc\u00e8s \u00e0 vos donn\u00e9es personnelles, ainsi que la demande de rectification des donn\u00e9es inexactes ou, le cas \u00e9ch\u00e9ant, la demande de leur suppression lorsque, entre autres raisons, les donn\u00e9es ne sont plus n\u00e9cessaires aux fins pour lesquelles elles ont \u00e9t\u00e9 collect\u00e9es.<br \/>Les personnes concern\u00e9es peuvent demander la limitation du traitement de leurs donn\u00e9es, auquel cas le responsable du traitement ne les conservera que pour l&#8217;exercice ou la d\u00e9fense de droits.<br \/>Les personnes concern\u00e9es peuvent s&#8217;opposer au traitement de leurs donn\u00e9es.<\/p>\n<p>Le titulaire peut exercer ses droits : par courrier \u00e9lectronique \u00e0 l&#8217;adresse info@ascanioquimica.com en indiquant &#8220;Protection des donn\u00e9es&#8221; dans l&#8217;objet du message.<br \/>Si vous estimez que vos droits n&#8217;ont pas \u00e9t\u00e9 correctement pris en compte, vous avez le droit de d\u00e9poser une plainte aupr\u00e8s de l&#8217;Agence espagnole de protection des donn\u00e9es.  <a href=\"http:\/\/www.aepd.es\/\" target=\"_blank\" rel=\"noopener noreferrer\">www.aepd.es<\/a><\/p>\n\t\t\t\t\t\t\t\t<\/div>\n\t\t\t\t<\/div>\n\t\t\t\t<\/div>\n\t\t\t\t\t<\/div>\n\t\t\t\t<\/div>\n\t\t\t\t<\/div>\n\t\t","protected":false},"excerpt":{"rendered":"<p>Politique de confidentialit\u00e9 et de protection des donn\u00e9es Responsable : ASCANIO QU\u00cdMICA,S.A. (ci-apr\u00e8s &#8220;l&#8217;entreprise&#8221;).Coordonn\u00e9es de l&#8217;ENTREPRISE : Pol.Ind. Valle de G\u00fc\u00edmar, M7-P1-CANDELARIA. SANTA CRUZ DE TENERIFE, et e-mail info@ascanioquimica.com CIF : A38026605 Utilisation et finalit\u00e9 des donn\u00e9es obtenues Les donn\u00e9es que nous vous demandons dans le formulaire de notre site web sont appropri\u00e9es, pertinentes et [&hellip;]<\/p>\n","protected":false},"author":1,"featured_media":0,"parent":0,"menu_order":0,"comment_status":"closed","ping_status":"closed","template":"elementor_header_footer","meta":{"_joinchat":[],"footnotes":""},"class_list":["post-10284","page","type-page","status-publish","hentry"],"yoast_head":"<!-- This site is optimized with the Yoast SEO plugin v27.3 - https:\/\/yoast.com\/product\/yoast-seo-wordpress\/ -->\n<title>Politique de confidentialit\u00e9 - Ascanio Qu\u00edmica<\/title>\n<meta name=\"robots\" content=\"index, follow, max-snippet:-1, max-image-preview:large, max-video-preview:-1\" \/>\n<link rel=\"canonical\" href=\"https:\/\/ascanioquimica.com\/fr\/politique-de-confidentialite\/\" \/>\n<meta property=\"og:locale\" content=\"fr_FR\" \/>\n<meta property=\"og:type\" content=\"article\" \/>\n<meta property=\"og:title\" content=\"Politique de confidentialit\u00e9 - Ascanio Qu\u00edmica\" \/>\n<meta property=\"og:description\" content=\"Politique de confidentialit\u00e9 et de protection des donn\u00e9es Responsable : ASCANIO QU\u00cdMICA,S.A. (ci-apr\u00e8s &#8220;l&#8217;entreprise&#8221;).Coordonn\u00e9es de l&#8217;ENTREPRISE : Pol.Ind. Valle de G\u00fc\u00edmar, M7-P1-CANDELARIA. SANTA CRUZ DE TENERIFE, et e-mail info@ascanioquimica.com CIF : A38026605 Utilisation et finalit\u00e9 des donn\u00e9es obtenues Les donn\u00e9es que nous vous demandons dans le formulaire de notre site web sont appropri\u00e9es, pertinentes et [&hellip;]\" \/>\n<meta property=\"og:url\" content=\"https:\/\/ascanioquimica.com\/fr\/politique-de-confidentialite\/\" \/>\n<meta property=\"og:site_name\" content=\"Ascanio Qu\u00edmica\" \/>\n<meta property=\"article:publisher\" content=\"https:\/\/www.facebook.com\/Ascanio-Qumica-SA-856072077864941\/\" \/>\n<meta property=\"article:modified_time\" content=\"2025-01-20T12:43:50+00:00\" \/>\n<meta property=\"og:image\" content=\"https:\/\/ascanioquimica.com\/wp-content\/uploads\/2024\/10\/ascanioq-logo-footer-v1.png\" \/>\n\t<meta property=\"og:image:width\" content=\"200\" \/>\n\t<meta property=\"og:image:height\" content=\"153\" \/>\n\t<meta property=\"og:image:type\" content=\"image\/png\" \/>\n<meta name=\"twitter:card\" content=\"summary_large_image\" \/>\n<meta name=\"twitter:site\" content=\"@AscanioQuimica\" \/>\n<meta name=\"twitter:label1\" content=\"Dur\u00e9e de lecture estim\u00e9e\" \/>\n\t<meta name=\"twitter:data1\" content=\"3 minutes\" \/>\n<script type=\"application\/ld+json\" class=\"yoast-schema-graph\">{\"@context\":\"https:\\\/\\\/schema.org\",\"@graph\":[{\"@type\":\"WebPage\",\"@id\":\"https:\\\/\\\/ascanioquimica.com\\\/fr\\\/politique-de-confidentialite\\\/\",\"url\":\"https:\\\/\\\/ascanioquimica.com\\\/fr\\\/politique-de-confidentialite\\\/\",\"name\":\"Politique de confidentialit\u00e9 - Ascanio Qu\u00edmica\",\"isPartOf\":{\"@id\":\"https:\\\/\\\/ascanioquimica.com\\\/fr\\\/#website\"},\"datePublished\":\"2024-11-05T15:23:50+00:00\",\"dateModified\":\"2025-01-20T12:43:50+00:00\",\"breadcrumb\":{\"@id\":\"https:\\\/\\\/ascanioquimica.com\\\/fr\\\/politique-de-confidentialite\\\/#breadcrumb\"},\"inLanguage\":\"fr-FR\",\"potentialAction\":[{\"@type\":\"ReadAction\",\"target\":[\"https:\\\/\\\/ascanioquimica.com\\\/fr\\\/politique-de-confidentialite\\\/\"]}]},{\"@type\":\"BreadcrumbList\",\"@id\":\"https:\\\/\\\/ascanioquimica.com\\\/fr\\\/politique-de-confidentialite\\\/#breadcrumb\",\"itemListElement\":[{\"@type\":\"ListItem\",\"position\":1,\"name\":\"Portada\",\"item\":\"https:\\\/\\\/ascanioquimica.com\\\/fr\\\/\"},{\"@type\":\"ListItem\",\"position\":2,\"name\":\"Politique de confidentialit\u00e9\"}]},{\"@type\":\"WebSite\",\"@id\":\"https:\\\/\\\/ascanioquimica.com\\\/fr\\\/#website\",\"url\":\"https:\\\/\\\/ascanioquimica.com\\\/fr\\\/\",\"name\":\"Ascanio Qu\u00edmica\",\"description\":\"Soluciones Qu\u00edmicas para Canarias\",\"publisher\":{\"@id\":\"https:\\\/\\\/ascanioquimica.com\\\/fr\\\/#organization\"},\"potentialAction\":[{\"@type\":\"SearchAction\",\"target\":{\"@type\":\"EntryPoint\",\"urlTemplate\":\"https:\\\/\\\/ascanioquimica.com\\\/fr\\\/?s={search_term_string}\"},\"query-input\":{\"@type\":\"PropertyValueSpecification\",\"valueRequired\":true,\"valueName\":\"search_term_string\"}}],\"inLanguage\":\"fr-FR\"},{\"@type\":\"Organization\",\"@id\":\"https:\\\/\\\/ascanioquimica.com\\\/fr\\\/#organization\",\"name\":\"Ascanio Qu\u00edmica\",\"url\":\"https:\\\/\\\/ascanioquimica.com\\\/fr\\\/\",\"logo\":{\"@type\":\"ImageObject\",\"inLanguage\":\"fr-FR\",\"@id\":\"https:\\\/\\\/ascanioquimica.com\\\/fr\\\/#\\\/schema\\\/logo\\\/image\\\/\",\"url\":\"https:\\\/\\\/ascanioquimica.com\\\/wp-content\\\/uploads\\\/2024\\\/10\\\/ascanioq-logo-footer-v1.png\",\"contentUrl\":\"https:\\\/\\\/ascanioquimica.com\\\/wp-content\\\/uploads\\\/2024\\\/10\\\/ascanioq-logo-footer-v1.png\",\"width\":200,\"height\":153,\"caption\":\"Ascanio Qu\u00edmica\"},\"image\":{\"@id\":\"https:\\\/\\\/ascanioquimica.com\\\/fr\\\/#\\\/schema\\\/logo\\\/image\\\/\"},\"sameAs\":[\"https:\\\/\\\/www.facebook.com\\\/Ascanio-Qumica-SA-856072077864941\\\/\",\"https:\\\/\\\/x.com\\\/AscanioQuimica\",\"https:\\\/\\\/www.instagram.com\\\/ascanioquimica\\\/\"]}]}<\/script>\n<!-- \/ Yoast SEO plugin. -->","yoast_head_json":{"title":"Politique de confidentialit\u00e9 - Ascanio Qu\u00edmica","robots":{"index":"index","follow":"follow","max-snippet":"max-snippet:-1","max-image-preview":"max-image-preview:large","max-video-preview":"max-video-preview:-1"},"canonical":"https:\/\/ascanioquimica.com\/fr\/politique-de-confidentialite\/","og_locale":"fr_FR","og_type":"article","og_title":"Politique de confidentialit\u00e9 - Ascanio Qu\u00edmica","og_description":"Politique de confidentialit\u00e9 et de protection des donn\u00e9es Responsable : ASCANIO QU\u00cdMICA,S.A. (ci-apr\u00e8s &#8220;l&#8217;entreprise&#8221;).Coordonn\u00e9es de l&#8217;ENTREPRISE : Pol.Ind. Valle de G\u00fc\u00edmar, M7-P1-CANDELARIA. SANTA CRUZ DE TENERIFE, et e-mail info@ascanioquimica.com CIF : A38026605 Utilisation et finalit\u00e9 des donn\u00e9es obtenues Les donn\u00e9es que nous vous demandons dans le formulaire de notre site web sont appropri\u00e9es, pertinentes et [&hellip;]","og_url":"https:\/\/ascanioquimica.com\/fr\/politique-de-confidentialite\/","og_site_name":"Ascanio Qu\u00edmica","article_publisher":"https:\/\/www.facebook.com\/Ascanio-Qumica-SA-856072077864941\/","article_modified_time":"2025-01-20T12:43:50+00:00","og_image":[{"width":200,"height":153,"url":"https:\/\/ascanioquimica.com\/wp-content\/uploads\/2024\/10\/ascanioq-logo-footer-v1.png","type":"image\/png"}],"twitter_card":"summary_large_image","twitter_site":"@AscanioQuimica","twitter_misc":{"Dur\u00e9e de lecture estim\u00e9e":"3 minutes"},"schema":{"@context":"https:\/\/schema.org","@graph":[{"@type":"WebPage","@id":"https:\/\/ascanioquimica.com\/fr\/politique-de-confidentialite\/","url":"https:\/\/ascanioquimica.com\/fr\/politique-de-confidentialite\/","name":"Politique de confidentialit\u00e9 - Ascanio Qu\u00edmica","isPartOf":{"@id":"https:\/\/ascanioquimica.com\/fr\/#website"},"datePublished":"2024-11-05T15:23:50+00:00","dateModified":"2025-01-20T12:43:50+00:00","breadcrumb":{"@id":"https:\/\/ascanioquimica.com\/fr\/politique-de-confidentialite\/#breadcrumb"},"inLanguage":"fr-FR","potentialAction":[{"@type":"ReadAction","target":["https:\/\/ascanioquimica.com\/fr\/politique-de-confidentialite\/"]}]},{"@type":"BreadcrumbList","@id":"https:\/\/ascanioquimica.com\/fr\/politique-de-confidentialite\/#breadcrumb","itemListElement":[{"@type":"ListItem","position":1,"name":"Portada","item":"https:\/\/ascanioquimica.com\/fr\/"},{"@type":"ListItem","position":2,"name":"Politique de confidentialit\u00e9"}]},{"@type":"WebSite","@id":"https:\/\/ascanioquimica.com\/fr\/#website","url":"https:\/\/ascanioquimica.com\/fr\/","name":"Ascanio Qu\u00edmica","description":"Soluciones Qu\u00edmicas para Canarias","publisher":{"@id":"https:\/\/ascanioquimica.com\/fr\/#organization"},"potentialAction":[{"@type":"SearchAction","target":{"@type":"EntryPoint","urlTemplate":"https:\/\/ascanioquimica.com\/fr\/?s={search_term_string}"},"query-input":{"@type":"PropertyValueSpecification","valueRequired":true,"valueName":"search_term_string"}}],"inLanguage":"fr-FR"},{"@type":"Organization","@id":"https:\/\/ascanioquimica.com\/fr\/#organization","name":"Ascanio Qu\u00edmica","url":"https:\/\/ascanioquimica.com\/fr\/","logo":{"@type":"ImageObject","inLanguage":"fr-FR","@id":"https:\/\/ascanioquimica.com\/fr\/#\/schema\/logo\/image\/","url":"https:\/\/ascanioquimica.com\/wp-content\/uploads\/2024\/10\/ascanioq-logo-footer-v1.png","contentUrl":"https:\/\/ascanioquimica.com\/wp-content\/uploads\/2024\/10\/ascanioq-logo-footer-v1.png","width":200,"height":153,"caption":"Ascanio Qu\u00edmica"},"image":{"@id":"https:\/\/ascanioquimica.com\/fr\/#\/schema\/logo\/image\/"},"sameAs":["https:\/\/www.facebook.com\/Ascanio-Qumica-SA-856072077864941\/","https:\/\/x.com\/AscanioQuimica","https:\/\/www.instagram.com\/ascanioquimica\/"]}]}},"_links":{"self":[{"href":"https:\/\/ascanioquimica.com\/fr\/wp-json\/wp\/v2\/pages\/10284","targetHints":{"allow":["GET"]}}],"collection":[{"href":"https:\/\/ascanioquimica.com\/fr\/wp-json\/wp\/v2\/pages"}],"about":[{"href":"https:\/\/ascanioquimica.com\/fr\/wp-json\/wp\/v2\/types\/page"}],"author":[{"embeddable":true,"href":"https:\/\/ascanioquimica.com\/fr\/wp-json\/wp\/v2\/users\/1"}],"replies":[{"embeddable":true,"href":"https:\/\/ascanioquimica.com\/fr\/wp-json\/wp\/v2\/comments?post=10284"}],"version-history":[{"count":1,"href":"https:\/\/ascanioquimica.com\/fr\/wp-json\/wp\/v2\/pages\/10284\/revisions"}],"predecessor-version":[{"id":10285,"href":"https:\/\/ascanioquimica.com\/fr\/wp-json\/wp\/v2\/pages\/10284\/revisions\/10285"}],"wp:attachment":[{"href":"https:\/\/ascanioquimica.com\/fr\/wp-json\/wp\/v2\/media?parent=10284"}],"curies":[{"name":"wp","href":"https:\/\/api.w.org\/{rel}","templated":true}]}}