{"id":10278,"date":"2024-10-29T15:23:33","date_gmt":"2024-10-29T14:23:33","guid":{"rendered":"https:\/\/ascanioquimica.com\/cookies\/"},"modified":"2025-01-20T13:42:49","modified_gmt":"2025-01-20T12:42:49","slug":"cookies","status":"publish","type":"page","link":"https:\/\/ascanioquimica.com\/fr\/cookies\/","title":{"rendered":"Cookies"},"content":{"rendered":"\t\t<div data-elementor-type=\"wp-page\" data-elementor-id=\"10278\" class=\"elementor elementor-10278 elementor-897\" data-elementor-post-type=\"page\">\n\t\t\t\t<div class=\"elementor-element elementor-element-54bd1931 e-flex e-con-boxed e-con e-parent\" data-id=\"54bd1931\" data-element_type=\"container\" data-e-type=\"container\" data-settings=\"{&quot;background_background&quot;:&quot;classic&quot;}\">\n\t\t\t\t\t<div class=\"e-con-inner\">\n\t\t<div class=\"elementor-element elementor-element-6706e368 e-con-full e-flex e-con e-child\" data-id=\"6706e368\" data-element_type=\"container\" data-e-type=\"container\">\n\t\t\t\t<div class=\"elementor-element elementor-element-6b9ff3ff elementor-widget elementor-widget-heading\" data-id=\"6b9ff3ff\" data-element_type=\"widget\" data-e-type=\"widget\" data-widget_type=\"heading.default\">\n\t\t\t\t<div class=\"elementor-widget-container\">\n\t\t\t\t\t<h2 class=\"elementor-heading-title elementor-size-default\">Cookies<\/h2>\t\t\t\t<\/div>\n\t\t\t\t<\/div>\n\t\t\t\t<\/div>\n\t\t\t\t\t<\/div>\n\t\t\t\t<\/div>\n\t\t<div class=\"elementor-element elementor-element-6e23459 e-flex e-con-boxed e-con e-parent\" data-id=\"6e23459\" data-element_type=\"container\" data-e-type=\"container\">\n\t\t\t\t\t<div class=\"e-con-inner\">\n\t\t<div class=\"elementor-element elementor-element-3ffea94 e-con-full e-flex e-con e-child\" data-id=\"3ffea94\" data-element_type=\"container\" data-e-type=\"container\" data-settings=\"{&quot;background_background&quot;:&quot;classic&quot;}\">\n\t\t\t\t<div class=\"elementor-element elementor-element-f3f9f5a elementor-widget elementor-widget-text-editor\" data-id=\"f3f9f5a\" data-element_type=\"widget\" data-e-type=\"widget\" data-widget_type=\"text-editor.default\">\n\t\t\t\t<div class=\"elementor-widget-container\">\n\t\t\t\t\t\t\t\t\t<p><strong>D\u00e9finition et fonction des cookies  <\/strong><\/p>\n<\/p>\n<p><strong>Qu&#8217;est-ce qu&#8217;un biscuit ?<\/strong><\/p>\n<\/p>\n<p>Un cookie est un fichier qui est t\u00e9l\u00e9charg\u00e9 sur votre ordinateur lorsque vous acc\u00e9dez \u00e0 certains sites web. Les cookies permettent \u00e0 un site web, entre autres, de stocker et de r\u00e9cup\u00e9rer des informations sur les habitudes de navigation d&#8217;un utilisateur ou de son ordinateur et, en fonction des informations qu&#8217;ils contiennent et de la mani\u00e8re dont vous utilisez votre ordinateur, ils peuvent \u00eatre utilis\u00e9s pour reconna\u00eetre l&#8217;utilisateur. <\/p>\n<\/p>\n<p>Ce site web utilise des cookies et\/ou des technologies similaires qui stockent et r\u00e9cup\u00e8rent des informations lorsque vous naviguez. En g\u00e9n\u00e9ral, ces technologies peuvent \u00eatre utilis\u00e9es \u00e0 diverses fins, par exemple pour vous reconna\u00eetre en tant qu&#8217;utilisateur, obtenir des informations sur vos habitudes de navigation ou personnaliser l&#8217;affichage du contenu. Les utilisations sp\u00e9cifiques que nous faisons de ces technologies sont d\u00e9crites ci-dessous.  <\/p>\n<\/p>\n<p><strong>Quels sont les types de cookies ?  <\/strong><\/p>\n<\/p>\n<p>Cela d\u00e9pend de la personne qui les g\u00e8re :<\/p>\n<\/p>\n<ul>\n<li>Cookies propres : ce sont ceux qui sont envoy\u00e9s \u00e0 l&#8217;ordinateur de l&#8217;utilisateur \u00e0 partir du domaine g\u00e9r\u00e9 par le site web visit\u00e9 et \u00e0 partir duquel le service demand\u00e9 par l&#8217;utilisateur est fourni.<\/li>\n<li>Cookies de tiers : il s&#8217;agit de cookies envoy\u00e9s \u00e0 l&#8217;ordinateur de l&#8217;utilisateur \u00e0 partir d&#8217;un domaine qui n&#8217;est pas g\u00e9r\u00e9 par le site web visit\u00e9, mais par une autre entit\u00e9 qui les traite.<\/li>\n<\/ul>\n<p>En fonction de l&#8217;objectif :<\/p>\n<\/p>\n<ul>\n<li>Cookies techniques : ce sont ceux qui permettent \u00e0 l&#8217;utilisateur de naviguer sur un site web et d&#8217;utiliser les diff\u00e9rentes options ou services qui y sont propos\u00e9s, y compris ceux qui nous permettent de g\u00e9rer et d&#8217;exploiter le site web et de mettre en \u0153uvre ses fonctions et services, tels que, par exemple, le contr\u00f4le du trafic et de la communication des donn\u00e9es, l&#8217;identification de la session, l&#8217;acc\u00e8s aux zones d&#8217;acc\u00e8s restreint, la m\u00e9morisation des \u00e9l\u00e9ments qui composent une commande, la r\u00e9alisation du processus d&#8217;achat d&#8217;une commande, la gestion du paiement, le contr\u00f4le de la fraude, la demande d&#8217;inscription ou la participation \u00e0 un \u00e9v\u00e9nement, le comptage des visites, etc.<\/li>\n<li>Cookies de pr\u00e9f\u00e9rence ou de personnalisation : il s&#8217;agit de cookies qui permettent de m\u00e9moriser des informations afin que l&#8217;utilisateur puisse acc\u00e9der au service avec certaines caract\u00e9ristiques qui peuvent diff\u00e9rencier son exp\u00e9rience de celle d&#8217;autres utilisateurs, comme, par exemple, la langue, le nombre de r\u00e9sultats \u00e0 afficher lorsque l&#8217;utilisateur effectue une recherche, l&#8217;apparence ou le contenu du service en fonction du type de navigateur par lequel l&#8217;utilisateur acc\u00e8de au service ou de la r\u00e9gion \u00e0 partir de laquelle il acc\u00e8de au service, etc.<\/li>\n<li>Cookies d&#8217;analyse : Ces cookies nous permettent de quantifier le nombre d&#8217;utilisateurs et de proc\u00e9der ainsi \u00e0 la mesure et \u00e0 l&#8217;analyse statistique de l&#8217;utilisation faite par les utilisateurs du service offert. Pour ce faire, votre navigation sur notre site web est analys\u00e9e afin d&#8217;am\u00e9liorer la gamme de produits ou de services que nous proposons. <\/li>\n<li>Cookies publicitaires : Il s&#8217;agit de ceux qui nous permettent de g\u00e9rer le plus efficacement possible l&#8217;offre d&#8217;espaces publicitaires sur le site web, en adaptant le contenu de la publicit\u00e9 au contenu du service demand\u00e9 ou \u00e0 l&#8217;utilisation que vous faites de notre site web. Pour ce faire, nous pouvons analyser vos habitudes de navigation sur Internet et vous montrer de la publicit\u00e9 en rapport avec votre profil de navigation. <\/li>\n<\/ul>\n<p>En fonction de la dur\u00e9e du s\u00e9jour :<\/p>\n<\/p>\n<ul>\n<li>Les cookies de session : ils sont con\u00e7us pour collecter et stocker des donn\u00e9es pendant que l&#8217;utilisateur acc\u00e8de \u00e0 un site web. Ils sont g\u00e9n\u00e9ralement utilis\u00e9s pour stocker des informations qui ne doivent \u00eatre conserv\u00e9es que pour la fourniture du service demand\u00e9 par l&#8217;utilisateur \u00e0 une seule occasion (par exemple, une liste de produits achet\u00e9s) et disparaissent \u00e0 la fin de la session. <\/li>\n<li>Cookies persistants : il s&#8217;agit de cookies dans lesquels les donn\u00e9es restent stock\u00e9es dans le terminal et peuvent \u00eatre consult\u00e9es et trait\u00e9es pendant une p\u00e9riode d\u00e9finie par le responsable du cookie, qui peut aller de quelques minutes \u00e0 plusieurs ann\u00e9es.<\/li>\n<\/ul>\n<ol>\n<li><strong>Informations sur le type de cookies et leur finalit\u00e9  <\/strong><\/li>\n<\/ol>\n<p><strong> <\/strong><\/p>\n<p><strong>Quels sont les cookies que nous utilisons ?<\/strong><\/p>\n<p>Ce site utilise Google Analytics pour collecter des informations anonymes telles que le nombre de visiteurs du site ou les pages les plus populaires.<\/p>\n<p>Les cookies utilis\u00e9s sur notre site web sont des cookies de session et de tiers, qui nous permettent de stocker et d&#8217;acc\u00e9der \u00e0 des informations relatives \u00e0 la langue, au type de navigateur utilis\u00e9 et \u00e0 d&#8217;autres caract\u00e9ristiques g\u00e9n\u00e9rales pr\u00e9d\u00e9finies par l&#8217;utilisateur, ainsi que de surveiller et d&#8217;analyser l&#8217;activit\u00e9 r\u00e9alis\u00e9e, dans le but d&#8217;apporter des am\u00e9liorations et de fournir nos services de mani\u00e8re plus efficace et personnalis\u00e9e.<\/p>\n<p class=\"ng-binding\">Les cookies, en fonction de leur permanence, peuvent \u00eatre divis\u00e9s en cookies de session ou permanents. Ceux qui expirent lorsque l&#8217;utilisateur ferme le navigateur. Ceux qui expirent en fonction de la r\u00e9alisation de l&#8217;objectif pour lequel ils sont utilis\u00e9s (par exemple, pour que l&#8217;utilisateur reste identifi\u00e9 dans les services) ou lorsqu&#8217;ils sont supprim\u00e9s manuellement.  <\/p>\n<\/p>\n<table border=\"0\" width=\"100%\" cellpadding=\"15\">\n<tbody>\n<tr>\n<td>Nom de l&#8217;entreprise<\/td>\n<td>Type<\/td>\n<td>Expiration<\/td>\n<td>Objectif<\/td>\n<td>Classe<\/td>\n<\/tr>\n<tr>\n<td>__utma<\/td>\n<td>Tiers (Google Analytics)<\/td>\n<td>2 ans<\/td>\n<td>Utilis\u00e9 pour distinguer les utilisateurs et les sessions.<\/td>\n<td>Non exempt\u00e9<\/td>\n<\/tr>\n<tr>\n<td>__utmb<\/td>\n<td>Tiers (Google Analytics)<\/td>\n<td>30 minutes<\/td>\n<td>Utilis\u00e9 pour d\u00e9terminer les nouvelles sessions ou visites<\/td>\n<td>Non exempt\u00e9<\/td>\n<\/tr>\n<tr>\n<td>__utmc<\/td>\n<td>Tiers (Google Analytics)<\/td>\n<td>A la fin de la session<\/td>\n<td>Configur\u00e9 pour \u00eatre utilis\u00e9 avec Urchin<\/td>\n<td>Non exempt\u00e9<\/td>\n<\/tr>\n<tr>\n<td>__utmz<\/td>\n<td>Tiers (Google Analytics)<\/td>\n<td>6 mois<\/td>\n<td>Stocke la source ou la campagne qui explique comment l&#8217;utilisateur est arriv\u00e9 sur le site web.<\/td>\n<td>Non exempt\u00e9<\/td>\n<\/tr>\n<\/tbody>\n<\/table>\n<p><strong>Identifier qui utilise les cookies<\/strong><\/p>\n<p><strong> <\/strong><\/p>\n<p>Protection des donn\u00e9es de Google Analytics <a href=\"http:\/\/www.google.com\/analytics\/learn\/privacy.html\">: http:\/\/www.google.com\/analytics\/learn\/privacy.html<\/a><\/p>\n<p>Comment Google Analytics utilise les cookies <a href=\"https:\/\/developers.google.com\/analytics\/devguides\/collection\/analyticsjs\/cookie-usage?hl=es#analyticsjs\">: https:\/\/developers.google.com\/analytics\/devguides\/collection\/analyticsjs\/cookie-usage?hl=es#analyticsjs<\/a><\/p>\n<\/p>\n<p><strong>Informations sur la mani\u00e8re d&#8217;accepter, de refuser ou de r\u00e9voquer le consentement<\/strong><\/p>\n<\/p>\n<p>Vous pouvez v\u00e9rifier vos param\u00e8tres en mati\u00e8re de cookies ou les refuser en cliquant sur le lien suivant<a href=\"https:\/\/ascanioquimica.com\/#gdpr_cookie_modal\">: https:\/\/ascanioquimica.com\/#gdpr_cookie_modal<\/a><\/p>\n<\/p>\n<p><strong>Param\u00e8tres des cookies pour les navigateurs les plus courants <\/strong>(ces \u00e9tapes peuvent varier en fonction de la version du navigateur)<\/p>\n<p><strong> <\/strong><\/p>\n<p><u>Chrome<\/u>:<\/p>\n<p>Acc\u00e9dez aux param\u00e8tres en cliquant sur l&#8217;ic\u00f4ne de personnalisation en haut \u00e0 droite avec trois points verticaux.<\/p>\n<p>Allez dans Confidentialit\u00e9 et s\u00e9curit\u00e9.<\/p>\n<p>S\u00e9lectionnez les cookies et autres donn\u00e9es du site web.<\/p>\n<p>Vous pouvez y choisir la mani\u00e8re dont les cookies sont contr\u00f4l\u00e9s.<\/p>\n<p><strong> <\/strong><\/p>\n<p><u>Bordure<\/u>:<\/p>\n<p>Allez dans Param\u00e8tres en cliquant sur les trois barres horizontales en haut \u00e0 droite du navigateur.<\/p>\n<p>Cliquez sur Param\u00e8tres, puis sur Cookies et autorisations du site.<\/p>\n<p>Vous pouvez y choisir la mani\u00e8re dont les cookies sont contr\u00f4l\u00e9s.<\/p>\n<\/p>\n<p><u>Firefox<\/u>:<\/p>\n<p>Allez dans Param\u00e8tres en cliquant sur les trois barres horizontales en haut \u00e0 droite du navigateur.<\/p>\n<p>Cliquez sur Confidentialit\u00e9 et s\u00e9curit\u00e9.<\/p>\n<p>Dans la rubrique Cookies et donn\u00e9es du site, vous pouvez g\u00e9rer tout ce qui concerne les cookies.<\/p>\n<\/p>\n<p><u>Op\u00e9ra<\/u>:<\/p>\n<p>Acc\u00e9dez \u00e0 Easy Settings en cliquant sur les trois barres horizontales en haut \u00e0 droite du navigateur.<\/p>\n<p>Cliquez sur Confidentialit\u00e9 et s\u00e9curit\u00e9.<\/p>\n<p>Dans la rubrique Cookies et autres donn\u00e9es du site, vous pouvez g\u00e9rer tout ce qui concerne les cookies.<\/p>\n<\/p>\n<p><u>Safari pour OSX :  <\/u><\/p>\n<p>Allez dans Pr\u00e9f\u00e9rences, puis dans Confidentialit\u00e9.<\/p>\n<p>L&#8217;option Bloquer les cookies vous permet de d\u00e9finir le type de blocage que vous souhaitez.<\/p>\n<\/p>\n<p><u>Safari pour iOS :  <\/u><\/p>\n<p>Allez dans Param\u00e8tres, puis dans Safari.<\/p>\n<p>Allez dans Confidentialit\u00e9 et s\u00e9curit\u00e9, vous verrez l&#8217;option Bloquer les cookies qui vous permettra de r\u00e9gler le type de blocage que vous souhaitez effectuer.<\/p>\n<\/p>\n<p><u>Android<\/u>:<\/p>\n<p>Lancez le navigateur et appuyez sur la touche Menu, puis sur Param\u00e8tres.<\/p>\n<p>Allez dans S\u00e9curit\u00e9 et confidentialit\u00e9, vous verrez l&#8217;option Accepter les cookies pour cocher ou d\u00e9cocher la case.<\/p>\n<p><strong> <\/strong><\/p>\n<p><strong>Autres informations sur les cookies  <\/strong><\/p>\n<\/p>\n<p>Aucune donn\u00e9e n&#8217;est transf\u00e9r\u00e9e \u00e0 des tiers et aucun profilage automatis\u00e9 n&#8217;est effectu\u00e9 avec les informations obtenues gr\u00e2ce aux cookies.<\/p>\n<\/p>\n<p>Vous trouverez de plus amples informations sur la protection de votre vie priv\u00e9e dans les mentions l\u00e9gales du site web.<\/p>\n<\/p>\n<p>En outre, vous pouvez toujours faire valoir vos droits aupr\u00e8s de l&#8217;autorit\u00e9 de surveillance<a href=\"http:\/\/www.aepd.es\">(www.aepd.es)<\/a>, qui propose \u00e9galement plusieurs guides sur les cookies et la protection de la vie priv\u00e9e sur le web.<\/p>\n\t\t\t\t\t\t\t\t<\/div>\n\t\t\t\t<\/div>\n\t\t\t\t<\/div>\n\t\t\t\t\t<\/div>\n\t\t\t\t<\/div>\n\t\t\t\t<\/div>\n\t\t","protected":false},"excerpt":{"rendered":"<p>D\u00e9finition et fonction des cookies Qu&#8217;est-ce qu&#8217;un biscuit ? Un cookie est un fichier qui est t\u00e9l\u00e9charg\u00e9 sur votre ordinateur lorsque vous acc\u00e9dez \u00e0 certains sites web. Les cookies permettent \u00e0 un site web, entre autres, de stocker et de r\u00e9cup\u00e9rer des informations sur les habitudes de navigation d&#8217;un utilisateur ou de son ordinateur et, [&hellip;]<\/p>\n","protected":false},"author":1,"featured_media":0,"parent":0,"menu_order":0,"comment_status":"closed","ping_status":"closed","template":"elementor_header_footer","meta":{"_joinchat":[],"footnotes":""},"class_list":["post-10278","page","type-page","status-publish","hentry"],"yoast_head":"<!-- This site is optimized with the Yoast SEO plugin v27.3 - https:\/\/yoast.com\/product\/yoast-seo-wordpress\/ -->\n<title>Cookies - Ascanio Qu\u00edmica<\/title>\n<meta name=\"robots\" content=\"index, follow, max-snippet:-1, max-image-preview:large, max-video-preview:-1\" \/>\n<link rel=\"canonical\" href=\"https:\/\/ascanioquimica.com\/fr\/cookies\/\" \/>\n<meta property=\"og:locale\" content=\"fr_FR\" \/>\n<meta property=\"og:type\" content=\"article\" \/>\n<meta property=\"og:title\" content=\"Cookies - Ascanio Qu\u00edmica\" \/>\n<meta property=\"og:description\" content=\"D\u00e9finition et fonction des cookies Qu&#8217;est-ce qu&#8217;un biscuit ? Un cookie est un fichier qui est t\u00e9l\u00e9charg\u00e9 sur votre ordinateur lorsque vous acc\u00e9dez \u00e0 certains sites web. Les cookies permettent \u00e0 un site web, entre autres, de stocker et de r\u00e9cup\u00e9rer des informations sur les habitudes de navigation d&#8217;un utilisateur ou de son ordinateur et, [&hellip;]\" \/>\n<meta property=\"og:url\" content=\"https:\/\/ascanioquimica.com\/fr\/cookies\/\" \/>\n<meta property=\"og:site_name\" content=\"Ascanio Qu\u00edmica\" \/>\n<meta property=\"article:publisher\" content=\"https:\/\/www.facebook.com\/Ascanio-Qumica-SA-856072077864941\/\" \/>\n<meta property=\"article:modified_time\" content=\"2025-01-20T12:42:49+00:00\" \/>\n<meta property=\"og:image\" content=\"https:\/\/ascanioquimica.com\/wp-content\/uploads\/2024\/10\/ascanioq-logo-footer-v1.png\" \/>\n\t<meta property=\"og:image:width\" content=\"200\" \/>\n\t<meta property=\"og:image:height\" content=\"153\" \/>\n\t<meta property=\"og:image:type\" content=\"image\/png\" \/>\n<meta name=\"twitter:card\" content=\"summary_large_image\" \/>\n<meta name=\"twitter:site\" content=\"@AscanioQuimica\" \/>\n<meta name=\"twitter:label1\" content=\"Dur\u00e9e de lecture estim\u00e9e\" \/>\n\t<meta name=\"twitter:data1\" content=\"7 minutes\" \/>\n<script type=\"application\/ld+json\" class=\"yoast-schema-graph\">{\"@context\":\"https:\\\/\\\/schema.org\",\"@graph\":[{\"@type\":\"WebPage\",\"@id\":\"https:\\\/\\\/ascanioquimica.com\\\/fr\\\/cookies\\\/\",\"url\":\"https:\\\/\\\/ascanioquimica.com\\\/fr\\\/cookies\\\/\",\"name\":\"Cookies - Ascanio Qu\u00edmica\",\"isPartOf\":{\"@id\":\"https:\\\/\\\/ascanioquimica.com\\\/fr\\\/#website\"},\"datePublished\":\"2024-10-29T14:23:33+00:00\",\"dateModified\":\"2025-01-20T12:42:49+00:00\",\"breadcrumb\":{\"@id\":\"https:\\\/\\\/ascanioquimica.com\\\/fr\\\/cookies\\\/#breadcrumb\"},\"inLanguage\":\"fr-FR\",\"potentialAction\":[{\"@type\":\"ReadAction\",\"target\":[\"https:\\\/\\\/ascanioquimica.com\\\/fr\\\/cookies\\\/\"]}]},{\"@type\":\"BreadcrumbList\",\"@id\":\"https:\\\/\\\/ascanioquimica.com\\\/fr\\\/cookies\\\/#breadcrumb\",\"itemListElement\":[{\"@type\":\"ListItem\",\"position\":1,\"name\":\"Portada\",\"item\":\"https:\\\/\\\/ascanioquimica.com\\\/fr\\\/\"},{\"@type\":\"ListItem\",\"position\":2,\"name\":\"Cookies\"}]},{\"@type\":\"WebSite\",\"@id\":\"https:\\\/\\\/ascanioquimica.com\\\/fr\\\/#website\",\"url\":\"https:\\\/\\\/ascanioquimica.com\\\/fr\\\/\",\"name\":\"Ascanio Qu\u00edmica\",\"description\":\"Soluciones Qu\u00edmicas para Canarias\",\"publisher\":{\"@id\":\"https:\\\/\\\/ascanioquimica.com\\\/fr\\\/#organization\"},\"potentialAction\":[{\"@type\":\"SearchAction\",\"target\":{\"@type\":\"EntryPoint\",\"urlTemplate\":\"https:\\\/\\\/ascanioquimica.com\\\/fr\\\/?s={search_term_string}\"},\"query-input\":{\"@type\":\"PropertyValueSpecification\",\"valueRequired\":true,\"valueName\":\"search_term_string\"}}],\"inLanguage\":\"fr-FR\"},{\"@type\":\"Organization\",\"@id\":\"https:\\\/\\\/ascanioquimica.com\\\/fr\\\/#organization\",\"name\":\"Ascanio Qu\u00edmica\",\"url\":\"https:\\\/\\\/ascanioquimica.com\\\/fr\\\/\",\"logo\":{\"@type\":\"ImageObject\",\"inLanguage\":\"fr-FR\",\"@id\":\"https:\\\/\\\/ascanioquimica.com\\\/fr\\\/#\\\/schema\\\/logo\\\/image\\\/\",\"url\":\"https:\\\/\\\/ascanioquimica.com\\\/wp-content\\\/uploads\\\/2024\\\/10\\\/ascanioq-logo-footer-v1.png\",\"contentUrl\":\"https:\\\/\\\/ascanioquimica.com\\\/wp-content\\\/uploads\\\/2024\\\/10\\\/ascanioq-logo-footer-v1.png\",\"width\":200,\"height\":153,\"caption\":\"Ascanio Qu\u00edmica\"},\"image\":{\"@id\":\"https:\\\/\\\/ascanioquimica.com\\\/fr\\\/#\\\/schema\\\/logo\\\/image\\\/\"},\"sameAs\":[\"https:\\\/\\\/www.facebook.com\\\/Ascanio-Qumica-SA-856072077864941\\\/\",\"https:\\\/\\\/x.com\\\/AscanioQuimica\",\"https:\\\/\\\/www.instagram.com\\\/ascanioquimica\\\/\"]}]}<\/script>\n<!-- \/ Yoast SEO plugin. -->","yoast_head_json":{"title":"Cookies - Ascanio Qu\u00edmica","robots":{"index":"index","follow":"follow","max-snippet":"max-snippet:-1","max-image-preview":"max-image-preview:large","max-video-preview":"max-video-preview:-1"},"canonical":"https:\/\/ascanioquimica.com\/fr\/cookies\/","og_locale":"fr_FR","og_type":"article","og_title":"Cookies - Ascanio Qu\u00edmica","og_description":"D\u00e9finition et fonction des cookies Qu&#8217;est-ce qu&#8217;un biscuit ? Un cookie est un fichier qui est t\u00e9l\u00e9charg\u00e9 sur votre ordinateur lorsque vous acc\u00e9dez \u00e0 certains sites web. Les cookies permettent \u00e0 un site web, entre autres, de stocker et de r\u00e9cup\u00e9rer des informations sur les habitudes de navigation d&#8217;un utilisateur ou de son ordinateur et, [&hellip;]","og_url":"https:\/\/ascanioquimica.com\/fr\/cookies\/","og_site_name":"Ascanio Qu\u00edmica","article_publisher":"https:\/\/www.facebook.com\/Ascanio-Qumica-SA-856072077864941\/","article_modified_time":"2025-01-20T12:42:49+00:00","og_image":[{"width":200,"height":153,"url":"https:\/\/ascanioquimica.com\/wp-content\/uploads\/2024\/10\/ascanioq-logo-footer-v1.png","type":"image\/png"}],"twitter_card":"summary_large_image","twitter_site":"@AscanioQuimica","twitter_misc":{"Dur\u00e9e de lecture estim\u00e9e":"7 minutes"},"schema":{"@context":"https:\/\/schema.org","@graph":[{"@type":"WebPage","@id":"https:\/\/ascanioquimica.com\/fr\/cookies\/","url":"https:\/\/ascanioquimica.com\/fr\/cookies\/","name":"Cookies - Ascanio Qu\u00edmica","isPartOf":{"@id":"https:\/\/ascanioquimica.com\/fr\/#website"},"datePublished":"2024-10-29T14:23:33+00:00","dateModified":"2025-01-20T12:42:49+00:00","breadcrumb":{"@id":"https:\/\/ascanioquimica.com\/fr\/cookies\/#breadcrumb"},"inLanguage":"fr-FR","potentialAction":[{"@type":"ReadAction","target":["https:\/\/ascanioquimica.com\/fr\/cookies\/"]}]},{"@type":"BreadcrumbList","@id":"https:\/\/ascanioquimica.com\/fr\/cookies\/#breadcrumb","itemListElement":[{"@type":"ListItem","position":1,"name":"Portada","item":"https:\/\/ascanioquimica.com\/fr\/"},{"@type":"ListItem","position":2,"name":"Cookies"}]},{"@type":"WebSite","@id":"https:\/\/ascanioquimica.com\/fr\/#website","url":"https:\/\/ascanioquimica.com\/fr\/","name":"Ascanio Qu\u00edmica","description":"Soluciones Qu\u00edmicas para Canarias","publisher":{"@id":"https:\/\/ascanioquimica.com\/fr\/#organization"},"potentialAction":[{"@type":"SearchAction","target":{"@type":"EntryPoint","urlTemplate":"https:\/\/ascanioquimica.com\/fr\/?s={search_term_string}"},"query-input":{"@type":"PropertyValueSpecification","valueRequired":true,"valueName":"search_term_string"}}],"inLanguage":"fr-FR"},{"@type":"Organization","@id":"https:\/\/ascanioquimica.com\/fr\/#organization","name":"Ascanio Qu\u00edmica","url":"https:\/\/ascanioquimica.com\/fr\/","logo":{"@type":"ImageObject","inLanguage":"fr-FR","@id":"https:\/\/ascanioquimica.com\/fr\/#\/schema\/logo\/image\/","url":"https:\/\/ascanioquimica.com\/wp-content\/uploads\/2024\/10\/ascanioq-logo-footer-v1.png","contentUrl":"https:\/\/ascanioquimica.com\/wp-content\/uploads\/2024\/10\/ascanioq-logo-footer-v1.png","width":200,"height":153,"caption":"Ascanio Qu\u00edmica"},"image":{"@id":"https:\/\/ascanioquimica.com\/fr\/#\/schema\/logo\/image\/"},"sameAs":["https:\/\/www.facebook.com\/Ascanio-Qumica-SA-856072077864941\/","https:\/\/x.com\/AscanioQuimica","https:\/\/www.instagram.com\/ascanioquimica\/"]}]}},"_links":{"self":[{"href":"https:\/\/ascanioquimica.com\/fr\/wp-json\/wp\/v2\/pages\/10278","targetHints":{"allow":["GET"]}}],"collection":[{"href":"https:\/\/ascanioquimica.com\/fr\/wp-json\/wp\/v2\/pages"}],"about":[{"href":"https:\/\/ascanioquimica.com\/fr\/wp-json\/wp\/v2\/types\/page"}],"author":[{"embeddable":true,"href":"https:\/\/ascanioquimica.com\/fr\/wp-json\/wp\/v2\/users\/1"}],"replies":[{"embeddable":true,"href":"https:\/\/ascanioquimica.com\/fr\/wp-json\/wp\/v2\/comments?post=10278"}],"version-history":[{"count":1,"href":"https:\/\/ascanioquimica.com\/fr\/wp-json\/wp\/v2\/pages\/10278\/revisions"}],"predecessor-version":[{"id":10279,"href":"https:\/\/ascanioquimica.com\/fr\/wp-json\/wp\/v2\/pages\/10278\/revisions\/10279"}],"wp:attachment":[{"href":"https:\/\/ascanioquimica.com\/fr\/wp-json\/wp\/v2\/media?parent=10278"}],"curies":[{"name":"wp","href":"https:\/\/api.w.org\/{rel}","templated":true}]}}