{"id":10274,"date":"2024-11-05T12:51:46","date_gmt":"2024-11-05T11:51:46","guid":{"rendered":"https:\/\/ascanioquimica.com\/canal-ethique\/"},"modified":"2025-01-20T13:42:00","modified_gmt":"2025-01-20T12:42:00","slug":"canal-ethique","status":"publish","type":"page","link":"https:\/\/ascanioquimica.com\/fr\/canal-ethique\/","title":{"rendered":"Canal \u00e9thique"},"content":{"rendered":"\t\t<div data-elementor-type=\"wp-page\" data-elementor-id=\"10274\" class=\"elementor elementor-10274 elementor-903\" data-elementor-post-type=\"page\">\n\t\t\t\t<div class=\"elementor-element elementor-element-54bd1931 e-flex e-con-boxed e-con e-parent\" data-id=\"54bd1931\" data-element_type=\"container\" data-e-type=\"container\" data-settings=\"{&quot;background_background&quot;:&quot;classic&quot;}\">\n\t\t\t\t\t<div class=\"e-con-inner\">\n\t\t<div class=\"elementor-element elementor-element-6706e368 e-con-full e-flex e-con e-child\" data-id=\"6706e368\" data-element_type=\"container\" data-e-type=\"container\">\n\t\t\t\t<div class=\"elementor-element elementor-element-6b9ff3ff elementor-widget elementor-widget-heading\" data-id=\"6b9ff3ff\" data-element_type=\"widget\" data-e-type=\"widget\" data-widget_type=\"heading.default\">\n\t\t\t\t<div class=\"elementor-widget-container\">\n\t\t\t\t\t<h2 class=\"elementor-heading-title elementor-size-default\">Canal \u00e9thique<\/h2>\t\t\t\t<\/div>\n\t\t\t\t<\/div>\n\t\t\t\t<\/div>\n\t\t\t\t\t<\/div>\n\t\t\t\t<\/div>\n\t\t<div class=\"elementor-element elementor-element-6e23459 e-flex e-con-boxed e-con e-parent\" data-id=\"6e23459\" data-element_type=\"container\" data-e-type=\"container\">\n\t\t\t\t\t<div class=\"e-con-inner\">\n\t\t<div class=\"elementor-element elementor-element-3ffea94 e-con-full e-flex e-con e-child\" data-id=\"3ffea94\" data-element_type=\"container\" data-e-type=\"container\" data-settings=\"{&quot;background_background&quot;:&quot;classic&quot;}\">\n\t\t<div class=\"elementor-element elementor-element-62c5330 e-grid e-con-full e-con e-child\" data-id=\"62c5330\" data-element_type=\"container\" data-e-type=\"container\">\n\t\t<div class=\"elementor-element elementor-element-1a0a836 e-con-full e-flex e-con e-child\" data-id=\"1a0a836\" data-element_type=\"container\" data-e-type=\"container\">\n\t\t\t\t<div class=\"elementor-element elementor-element-1701c82 elementor-widget elementor-widget-heading\" data-id=\"1701c82\" data-element_type=\"widget\" data-e-type=\"widget\" data-widget_type=\"heading.default\">\n\t\t\t\t<div class=\"elementor-widget-container\">\n\t\t\t\t\t<h2 class=\"elementor-heading-title elementor-size-default\">Formulaire de canal \u00e9thique<\/h2>\t\t\t\t<\/div>\n\t\t\t\t<\/div>\n\t\t\t\t<div class=\"elementor-element elementor-element-b4e7b12 elementor-button-align-start elementor-widget elementor-widget-form\" data-id=\"b4e7b12\" data-element_type=\"widget\" data-e-type=\"widget\" data-settings=\"{&quot;step_next_label&quot;:&quot;Suivant&quot;,&quot;step_previous_label&quot;:&quot;Pr\\u00e9c\\u00e9dent&quot;,&quot;button_width&quot;:&quot;100&quot;,&quot;step_type&quot;:&quot;number_text&quot;,&quot;step_icon_shape&quot;:&quot;circle&quot;}\" data-widget_type=\"form.default\">\n\t\t\t\t<div class=\"elementor-widget-container\">\n\t\t\t\t\t\t\t<form class=\"elementor-form\" method=\"post\" name=\"Nouveau formulaire\" aria-label=\"Nouveau formulaire\">\n\t\t\t<input type=\"hidden\" name=\"post_id\" value=\"10274\"\/>\n\t\t\t<input type=\"hidden\" name=\"form_id\" value=\"b4e7b12\"\/>\n\t\t\t<input type=\"hidden\" name=\"referer_title\" value=\"Canal \u00e9thique - Ascanio Qu\u00edmica\" \/>\n\n\t\t\t\t\t\t\t<input type=\"hidden\" name=\"queried_id\" value=\"10274\"\/>\n\t\t\t\n\t\t\t<div class=\"elementor-form-fields-wrapper elementor-labels-above\">\n\t\t\t\t\t\t\t\t<div class=\"elementor-field-type-text elementor-field-group elementor-column elementor-field-group-name elementor-col-100 elementor-field-required elementor-mark-required\">\n\t\t\t\t\t\t\t\t\t\t\t\t<label for=\"form-field-name\" class=\"elementor-field-label\">\n\t\t\t\t\t\t\t\tObjet (champ obligatoire) :\t\t\t\t\t\t\t<\/label>\n\t\t\t\t\t\t\t\t\t\t\t\t\t\t<input size=\"1\" type=\"text\" name=\"form_fields[name]\" id=\"form-field-name\" class=\"elementor-field elementor-size-sm  elementor-field-textual\" required=\"required\">\n\t\t\t\t\t\t\t\t\t\t\t<\/div>\n\t\t\t\t\t\t\t\t<div class=\"elementor-field-type-textarea elementor-field-group elementor-column elementor-field-group-message elementor-col-100 elementor-field-required elementor-mark-required\">\n\t\t\t\t\t\t\t\t\t\t\t\t<label for=\"form-field-message\" class=\"elementor-field-label\">\n\t\t\t\t\t\t\t\tTexte explicatif (champ obligatoire) :\t\t\t\t\t\t\t<\/label>\n\t\t\t\t\t\t<textarea class=\"elementor-field-textual elementor-field  elementor-size-sm\" name=\"form_fields[message]\" id=\"form-field-message\" rows=\"4\" required=\"required\"><\/textarea>\t\t\t\t<\/div>\n\t\t\t\t\t\t\t\t<div class=\"elementor-field-type-text elementor-field-group elementor-column elementor-field-group-field_f675e47 elementor-col-100\">\n\t\t\t\t\t\t\t\t\t\t\t\t<label for=\"form-field-field_f675e47\" class=\"elementor-field-label\">\n\t\t\t\t\t\t\t\tNom (facultatif) :\t\t\t\t\t\t\t<\/label>\n\t\t\t\t\t\t\t\t\t\t\t\t\t\t<input size=\"1\" type=\"text\" name=\"form_fields[field_f675e47]\" id=\"form-field-field_f675e47\" class=\"elementor-field elementor-size-sm  elementor-field-textual\">\n\t\t\t\t\t\t\t\t\t\t\t<\/div>\n\t\t\t\t\t\t\t\t<div class=\"elementor-field-type-email elementor-field-group elementor-column elementor-field-group-email elementor-col-100\">\n\t\t\t\t\t\t\t\t\t\t\t\t<label for=\"form-field-email\" class=\"elementor-field-label\">\n\t\t\t\t\t\t\t\tCourriel (facultatif) :\t\t\t\t\t\t\t<\/label>\n\t\t\t\t\t\t\t\t\t\t\t\t\t\t<input size=\"1\" type=\"email\" name=\"form_fields[email]\" id=\"form-field-email\" class=\"elementor-field elementor-size-sm  elementor-field-textual\">\n\t\t\t\t\t\t\t\t\t\t\t<\/div>\n\t\t\t\t\t\t\t\t<div class=\"elementor-field-type-upload elementor-field-group elementor-column elementor-field-group-field_388ae69 elementor-col-100\">\n\t\t\t\t\t\t\t\t\t\t\t\t<label for=\"form-field-field_388ae69\" class=\"elementor-field-label\">\n\t\t\t\t\t\t\t\tJoindre un fichier (facultatif) :\t\t\t\t\t\t\t<\/label>\n\t\t\t\t\t\t\t\t<input type=\"file\" name=\"form_fields[field_388ae69][]\" id=\"form-field-field_388ae69\" class=\"elementor-field elementor-size-sm  elementor-upload-field\" multiple=\"multiple\" data-maxsize=\"20\" data-maxsize-message=\"Ce fichier d\u00e9passe la taille maximale autoris\u00e9e.\">\n\n\t\t\t\t\t\t<\/div>\n\t\t\t\t\t\t\t\t<div class=\"elementor-field-type-checkbox elementor-field-group elementor-column elementor-field-group-field_b343a25 elementor-col-100\">\n\t\t\t\t\t<div class=\"elementor-field-subgroup  \"><span class=\"elementor-field-option\"><input type=\"checkbox\" value=\"Acceptez la&lt;a href=&quot;#&quot; target=&quot;_blank&quot;&gt;&quot;Politique de confidentialit\u00e9&lt;\/a&gt;\" id=\"form-field-field_b343a25-0\" name=\"form_fields[field_b343a25]\"> <label for=\"form-field-field_b343a25-0\">Acceptez la<a href=\"#\" target=\"_blank\">\"Politique de confidentialit\u00e9<\/a><\/label><\/span><\/div>\t\t\t\t<\/div>\n\t\t\t\t\t\t\t\t<div class=\"elementor-field-type-recaptcha_v3 elementor-field-group elementor-column elementor-field-group-field_8622fc5 elementor-col-100 recaptcha_v3-bottomright\">\n\t\t\t\t\t<div class=\"elementor-field\" id=\"form-field-field_8622fc5\"><div class=\"elementor-g-recaptcha\" data-sitekey=\"6LdBacQZAAAAAEtDfODT9XsmpMDpxFQfUhoMQCeR\" data-type=\"v3\" data-action=\"Form\" data-badge=\"bottomright\" data-size=\"invisible\"><\/div><\/div>\t\t\t\t<\/div>\n\t\t\t\t\t\t\t\t<div class=\"elementor-field-type-text\">\n\t\t\t\t\t<input size=\"1\" type=\"text\" name=\"form_fields[field_8fc656c]\" id=\"form-field-field_8fc656c\" class=\"elementor-field elementor-size-sm \" style=\"display:none !important;\">\t\t\t\t<\/div>\n\t\t\t\t\t\t\t\t<div class=\"elementor-field-group elementor-column elementor-field-type-submit elementor-col-100 e-form__buttons\">\n\t\t\t\t\t<button class=\"elementor-button elementor-size-md\" type=\"submit\">\n\t\t\t\t\t\t<span class=\"elementor-button-content-wrapper\">\n\t\t\t\t\t\t\t\t\t\t\t\t\t\t\t\t\t\t\t\t\t\t<span class=\"elementor-button-text\">Envoyer<\/span>\n\t\t\t\t\t\t\t\t\t\t\t\t\t<\/span>\n\t\t\t\t\t<\/button>\n\t\t\t\t<\/div>\n\t\t\t<\/div>\n\t\t<\/form>\n\t\t\t\t\t\t<\/div>\n\t\t\t\t<\/div>\n\t\t\t\t<\/div>\n\t\t<div class=\"elementor-element elementor-element-28ac4a2 e-con-full e-flex e-con e-child\" data-id=\"28ac4a2\" data-element_type=\"container\" data-e-type=\"container\">\n\t\t\t\t<div class=\"elementor-element elementor-element-bc9e439 elementor-widget elementor-widget-heading\" data-id=\"bc9e439\" data-element_type=\"widget\" data-e-type=\"widget\" data-widget_type=\"heading.default\">\n\t\t\t\t<div class=\"elementor-widget-container\">\n\t\t\t\t\t<h2 class=\"elementor-heading-title elementor-size-default\">Canal \u00e9thique<\/h2>\t\t\t\t<\/div>\n\t\t\t\t<\/div>\n\t\t\t\t<div class=\"elementor-element elementor-element-6dd80f8 elementor-widget elementor-widget-text-editor\" data-id=\"6dd80f8\" data-element_type=\"widget\" data-e-type=\"widget\" data-widget_type=\"text-editor.default\">\n\t\t\t\t<div class=\"elementor-widget-container\">\n\t\t\t\t\t\t\t\t\t<p>Le Canal \u00e9thique est le m\u00e9canisme qu&#8217;Ascanio Qu\u00edmica, S.A. met \u00e0 la disposition de tous ses employ\u00e9s, fournisseurs, sous-traitants et clients afin qu&#8217;ils puissent communiquer toute information susceptible de les concerner :<\/p>\n<p>1.- Une \u00e9ventuelle irr\u00e9gularit\u00e9 ou un acte contraire au code d&#8217;\u00e9thique de l&#8217;entreprise.<\/p>\n<p>2 &#8211; Une \u00e9ventuelle irr\u00e9gularit\u00e9 en mati\u00e8re comptable ou financi\u00e8re.<\/p>\n<p>3 &#8211; Une \u00e9ventuelle irr\u00e9gularit\u00e9 ou un acte contraire \u00e0 la l\u00e9galit\u00e9.<\/p>\n<p><a href=\"mailto:canaletico@ascanioquimica.com\" target=\"_blank\" rel=\"noopener\"><wbr><\/wbr>Le canal est accessible par les canaux suivants : formulaire web et adresse \u00e9lectronique<\/a><a href=\"mailto:canaletico@ascanioquimica.com\" target=\"_blank\" rel=\"noopener\">&#8220;canaletico@ ascanioquimica.com<\/a>&#8220;.<\/p>\n<p>Les signalements peuvent \u00eatre faits de mani\u00e8re anonyme si vous le souhaitez, ou vous pouvez indiquer vos coordonn\u00e9es si vous le pr\u00e9f\u00e9rez. Le Comit\u00e9 d&#8217;\u00e9thique de l&#8217;entreprise traitera les plaintes re\u00e7ues, en favorisant leur v\u00e9rification et en encourageant les mesures de r\u00e9solution, conform\u00e9ment aux proc\u00e9dures internes \u00e9tablies dans le Code d&#8217;\u00e9thique d&#8217;Ascanio Qu\u00edmica S.A.<\/p>\n<p>Pour d\u00e9poser une plainte, veuillez utiliser le formulaire ci-dessous. La plainte doit contenir les informations n\u00e9cessaires \u00e0 l&#8217;ouverture d&#8217;une enqu\u00eate : explication des faits, dates, etc. Si vous le souhaitez, vous pouvez joindre tout document permettant de mieux expliquer la situation rapport\u00e9e.<\/p>\n\t\t\t\t\t\t\t\t<\/div>\n\t\t\t\t<\/div>\n\t\t\t\t<\/div>\n\t\t\t\t<\/div>\n\t\t\t\t<\/div>\n\t\t\t\t\t<\/div>\n\t\t\t\t<\/div>\n\t\t\t\t<\/div>\n\t\t","protected":false},"excerpt":{"rendered":"<p>Formulaire de canal \u00e9thique Canal \u00e9thique Le Canal \u00e9thique est le m\u00e9canisme qu&#8217;Ascanio Qu\u00edmica, S.A. met \u00e0 la disposition de tous ses employ\u00e9s, fournisseurs, sous-traitants et clients afin qu&#8217;ils puissent communiquer toute information susceptible de les concerner : 1.- Une \u00e9ventuelle irr\u00e9gularit\u00e9 ou un acte contraire au code d&#8217;\u00e9thique de l&#8217;entreprise. 2 &#8211; Une \u00e9ventuelle [&hellip;]<\/p>\n","protected":false},"author":1,"featured_media":0,"parent":0,"menu_order":0,"comment_status":"closed","ping_status":"closed","template":"elementor_header_footer","meta":{"_joinchat":[],"footnotes":""},"class_list":["post-10274","page","type-page","status-publish","hentry"],"yoast_head":"<!-- This site is optimized with the Yoast SEO plugin v27.3 - https:\/\/yoast.com\/product\/yoast-seo-wordpress\/ -->\n<title>Canal \u00e9thique - Ascanio Qu\u00edmica<\/title>\n<meta name=\"robots\" content=\"index, follow, max-snippet:-1, max-image-preview:large, max-video-preview:-1\" \/>\n<link rel=\"canonical\" href=\"https:\/\/ascanioquimica.com\/fr\/canal-ethique\/\" \/>\n<meta property=\"og:locale\" content=\"fr_FR\" \/>\n<meta property=\"og:type\" content=\"article\" \/>\n<meta property=\"og:title\" content=\"Canal \u00e9thique - Ascanio Qu\u00edmica\" \/>\n<meta property=\"og:description\" content=\"Formulaire de canal \u00e9thique Canal \u00e9thique Le Canal \u00e9thique est le m\u00e9canisme qu&#8217;Ascanio Qu\u00edmica, S.A. met \u00e0 la disposition de tous ses employ\u00e9s, fournisseurs, sous-traitants et clients afin qu&#8217;ils puissent communiquer toute information susceptible de les concerner : 1.- Une \u00e9ventuelle irr\u00e9gularit\u00e9 ou un acte contraire au code d&#8217;\u00e9thique de l&#8217;entreprise. 2 &#8211; Une \u00e9ventuelle [&hellip;]\" \/>\n<meta property=\"og:url\" content=\"https:\/\/ascanioquimica.com\/fr\/canal-ethique\/\" \/>\n<meta property=\"og:site_name\" content=\"Ascanio Qu\u00edmica\" \/>\n<meta property=\"article:publisher\" content=\"https:\/\/www.facebook.com\/Ascanio-Qumica-SA-856072077864941\/\" \/>\n<meta property=\"article:modified_time\" content=\"2025-01-20T12:42:00+00:00\" \/>\n<meta property=\"og:image\" content=\"https:\/\/ascanioquimica.com\/wp-content\/uploads\/2024\/10\/ascanioq-logo-footer-v1.png\" \/>\n\t<meta property=\"og:image:width\" content=\"200\" \/>\n\t<meta property=\"og:image:height\" content=\"153\" \/>\n\t<meta property=\"og:image:type\" content=\"image\/png\" \/>\n<meta name=\"twitter:card\" content=\"summary_large_image\" \/>\n<meta name=\"twitter:site\" content=\"@AscanioQuimica\" \/>\n<meta name=\"twitter:label1\" content=\"Dur\u00e9e de lecture estim\u00e9e\" \/>\n\t<meta name=\"twitter:data1\" content=\"1 minute\" \/>\n<script type=\"application\/ld+json\" class=\"yoast-schema-graph\">{\"@context\":\"https:\\\/\\\/schema.org\",\"@graph\":[{\"@type\":\"WebPage\",\"@id\":\"https:\\\/\\\/ascanioquimica.com\\\/fr\\\/canal-ethique\\\/\",\"url\":\"https:\\\/\\\/ascanioquimica.com\\\/fr\\\/canal-ethique\\\/\",\"name\":\"Canal \u00e9thique - Ascanio Qu\u00edmica\",\"isPartOf\":{\"@id\":\"https:\\\/\\\/ascanioquimica.com\\\/fr\\\/#website\"},\"datePublished\":\"2024-11-05T11:51:46+00:00\",\"dateModified\":\"2025-01-20T12:42:00+00:00\",\"breadcrumb\":{\"@id\":\"https:\\\/\\\/ascanioquimica.com\\\/fr\\\/canal-ethique\\\/#breadcrumb\"},\"inLanguage\":\"fr-FR\",\"potentialAction\":[{\"@type\":\"ReadAction\",\"target\":[\"https:\\\/\\\/ascanioquimica.com\\\/fr\\\/canal-ethique\\\/\"]}]},{\"@type\":\"BreadcrumbList\",\"@id\":\"https:\\\/\\\/ascanioquimica.com\\\/fr\\\/canal-ethique\\\/#breadcrumb\",\"itemListElement\":[{\"@type\":\"ListItem\",\"position\":1,\"name\":\"Portada\",\"item\":\"https:\\\/\\\/ascanioquimica.com\\\/fr\\\/\"},{\"@type\":\"ListItem\",\"position\":2,\"name\":\"Canal \u00e9thique\"}]},{\"@type\":\"WebSite\",\"@id\":\"https:\\\/\\\/ascanioquimica.com\\\/fr\\\/#website\",\"url\":\"https:\\\/\\\/ascanioquimica.com\\\/fr\\\/\",\"name\":\"Ascanio Qu\u00edmica\",\"description\":\"Soluciones Qu\u00edmicas para Canarias\",\"publisher\":{\"@id\":\"https:\\\/\\\/ascanioquimica.com\\\/fr\\\/#organization\"},\"potentialAction\":[{\"@type\":\"SearchAction\",\"target\":{\"@type\":\"EntryPoint\",\"urlTemplate\":\"https:\\\/\\\/ascanioquimica.com\\\/fr\\\/?s={search_term_string}\"},\"query-input\":{\"@type\":\"PropertyValueSpecification\",\"valueRequired\":true,\"valueName\":\"search_term_string\"}}],\"inLanguage\":\"fr-FR\"},{\"@type\":\"Organization\",\"@id\":\"https:\\\/\\\/ascanioquimica.com\\\/fr\\\/#organization\",\"name\":\"Ascanio Qu\u00edmica\",\"url\":\"https:\\\/\\\/ascanioquimica.com\\\/fr\\\/\",\"logo\":{\"@type\":\"ImageObject\",\"inLanguage\":\"fr-FR\",\"@id\":\"https:\\\/\\\/ascanioquimica.com\\\/fr\\\/#\\\/schema\\\/logo\\\/image\\\/\",\"url\":\"https:\\\/\\\/ascanioquimica.com\\\/wp-content\\\/uploads\\\/2024\\\/10\\\/ascanioq-logo-footer-v1.png\",\"contentUrl\":\"https:\\\/\\\/ascanioquimica.com\\\/wp-content\\\/uploads\\\/2024\\\/10\\\/ascanioq-logo-footer-v1.png\",\"width\":200,\"height\":153,\"caption\":\"Ascanio Qu\u00edmica\"},\"image\":{\"@id\":\"https:\\\/\\\/ascanioquimica.com\\\/fr\\\/#\\\/schema\\\/logo\\\/image\\\/\"},\"sameAs\":[\"https:\\\/\\\/www.facebook.com\\\/Ascanio-Qumica-SA-856072077864941\\\/\",\"https:\\\/\\\/x.com\\\/AscanioQuimica\",\"https:\\\/\\\/www.instagram.com\\\/ascanioquimica\\\/\"]}]}<\/script>\n<!-- \/ Yoast SEO plugin. -->","yoast_head_json":{"title":"Canal \u00e9thique - Ascanio Qu\u00edmica","robots":{"index":"index","follow":"follow","max-snippet":"max-snippet:-1","max-image-preview":"max-image-preview:large","max-video-preview":"max-video-preview:-1"},"canonical":"https:\/\/ascanioquimica.com\/fr\/canal-ethique\/","og_locale":"fr_FR","og_type":"article","og_title":"Canal \u00e9thique - Ascanio Qu\u00edmica","og_description":"Formulaire de canal \u00e9thique Canal \u00e9thique Le Canal \u00e9thique est le m\u00e9canisme qu&#8217;Ascanio Qu\u00edmica, S.A. met \u00e0 la disposition de tous ses employ\u00e9s, fournisseurs, sous-traitants et clients afin qu&#8217;ils puissent communiquer toute information susceptible de les concerner : 1.- Une \u00e9ventuelle irr\u00e9gularit\u00e9 ou un acte contraire au code d&#8217;\u00e9thique de l&#8217;entreprise. 2 &#8211; Une \u00e9ventuelle [&hellip;]","og_url":"https:\/\/ascanioquimica.com\/fr\/canal-ethique\/","og_site_name":"Ascanio Qu\u00edmica","article_publisher":"https:\/\/www.facebook.com\/Ascanio-Qumica-SA-856072077864941\/","article_modified_time":"2025-01-20T12:42:00+00:00","og_image":[{"width":200,"height":153,"url":"https:\/\/ascanioquimica.com\/wp-content\/uploads\/2024\/10\/ascanioq-logo-footer-v1.png","type":"image\/png"}],"twitter_card":"summary_large_image","twitter_site":"@AscanioQuimica","twitter_misc":{"Dur\u00e9e de lecture estim\u00e9e":"1 minute"},"schema":{"@context":"https:\/\/schema.org","@graph":[{"@type":"WebPage","@id":"https:\/\/ascanioquimica.com\/fr\/canal-ethique\/","url":"https:\/\/ascanioquimica.com\/fr\/canal-ethique\/","name":"Canal \u00e9thique - Ascanio Qu\u00edmica","isPartOf":{"@id":"https:\/\/ascanioquimica.com\/fr\/#website"},"datePublished":"2024-11-05T11:51:46+00:00","dateModified":"2025-01-20T12:42:00+00:00","breadcrumb":{"@id":"https:\/\/ascanioquimica.com\/fr\/canal-ethique\/#breadcrumb"},"inLanguage":"fr-FR","potentialAction":[{"@type":"ReadAction","target":["https:\/\/ascanioquimica.com\/fr\/canal-ethique\/"]}]},{"@type":"BreadcrumbList","@id":"https:\/\/ascanioquimica.com\/fr\/canal-ethique\/#breadcrumb","itemListElement":[{"@type":"ListItem","position":1,"name":"Portada","item":"https:\/\/ascanioquimica.com\/fr\/"},{"@type":"ListItem","position":2,"name":"Canal \u00e9thique"}]},{"@type":"WebSite","@id":"https:\/\/ascanioquimica.com\/fr\/#website","url":"https:\/\/ascanioquimica.com\/fr\/","name":"Ascanio Qu\u00edmica","description":"Soluciones Qu\u00edmicas para Canarias","publisher":{"@id":"https:\/\/ascanioquimica.com\/fr\/#organization"},"potentialAction":[{"@type":"SearchAction","target":{"@type":"EntryPoint","urlTemplate":"https:\/\/ascanioquimica.com\/fr\/?s={search_term_string}"},"query-input":{"@type":"PropertyValueSpecification","valueRequired":true,"valueName":"search_term_string"}}],"inLanguage":"fr-FR"},{"@type":"Organization","@id":"https:\/\/ascanioquimica.com\/fr\/#organization","name":"Ascanio Qu\u00edmica","url":"https:\/\/ascanioquimica.com\/fr\/","logo":{"@type":"ImageObject","inLanguage":"fr-FR","@id":"https:\/\/ascanioquimica.com\/fr\/#\/schema\/logo\/image\/","url":"https:\/\/ascanioquimica.com\/wp-content\/uploads\/2024\/10\/ascanioq-logo-footer-v1.png","contentUrl":"https:\/\/ascanioquimica.com\/wp-content\/uploads\/2024\/10\/ascanioq-logo-footer-v1.png","width":200,"height":153,"caption":"Ascanio Qu\u00edmica"},"image":{"@id":"https:\/\/ascanioquimica.com\/fr\/#\/schema\/logo\/image\/"},"sameAs":["https:\/\/www.facebook.com\/Ascanio-Qumica-SA-856072077864941\/","https:\/\/x.com\/AscanioQuimica","https:\/\/www.instagram.com\/ascanioquimica\/"]}]}},"_links":{"self":[{"href":"https:\/\/ascanioquimica.com\/fr\/wp-json\/wp\/v2\/pages\/10274","targetHints":{"allow":["GET"]}}],"collection":[{"href":"https:\/\/ascanioquimica.com\/fr\/wp-json\/wp\/v2\/pages"}],"about":[{"href":"https:\/\/ascanioquimica.com\/fr\/wp-json\/wp\/v2\/types\/page"}],"author":[{"embeddable":true,"href":"https:\/\/ascanioquimica.com\/fr\/wp-json\/wp\/v2\/users\/1"}],"replies":[{"embeddable":true,"href":"https:\/\/ascanioquimica.com\/fr\/wp-json\/wp\/v2\/comments?post=10274"}],"version-history":[{"count":1,"href":"https:\/\/ascanioquimica.com\/fr\/wp-json\/wp\/v2\/pages\/10274\/revisions"}],"predecessor-version":[{"id":10275,"href":"https:\/\/ascanioquimica.com\/fr\/wp-json\/wp\/v2\/pages\/10274\/revisions\/10275"}],"wp:attachment":[{"href":"https:\/\/ascanioquimica.com\/fr\/wp-json\/wp\/v2\/media?parent=10274"}],"curies":[{"name":"wp","href":"https:\/\/api.w.org\/{rel}","templated":true}]}}