{"id":10272,"date":"2024-10-29T15:17:17","date_gmt":"2024-10-29T14:17:17","guid":{"rendered":"https:\/\/ascanioquimica.com\/avis-juridique\/"},"modified":"2025-01-20T13:41:41","modified_gmt":"2025-01-20T12:41:41","slug":"avis-juridique","status":"publish","type":"page","link":"https:\/\/ascanioquimica.com\/fr\/avis-juridique\/","title":{"rendered":"Avis juridique"},"content":{"rendered":"\t\t<div data-elementor-type=\"wp-page\" data-elementor-id=\"10272\" class=\"elementor elementor-10272 elementor-883\" data-elementor-post-type=\"page\">\n\t\t\t\t<div class=\"elementor-element elementor-element-54bd1931 e-flex e-con-boxed e-con e-parent\" data-id=\"54bd1931\" data-element_type=\"container\" data-e-type=\"container\" data-settings=\"{&quot;background_background&quot;:&quot;classic&quot;}\">\n\t\t\t\t\t<div class=\"e-con-inner\">\n\t\t<div class=\"elementor-element elementor-element-6706e368 e-con-full e-flex e-con e-child\" data-id=\"6706e368\" data-element_type=\"container\" data-e-type=\"container\">\n\t\t\t\t<div class=\"elementor-element elementor-element-6b9ff3ff elementor-widget elementor-widget-heading\" data-id=\"6b9ff3ff\" data-element_type=\"widget\" data-e-type=\"widget\" data-widget_type=\"heading.default\">\n\t\t\t\t<div class=\"elementor-widget-container\">\n\t\t\t\t\t<h2 class=\"elementor-heading-title elementor-size-default\">Avis juridique<\/h2>\t\t\t\t<\/div>\n\t\t\t\t<\/div>\n\t\t\t\t<\/div>\n\t\t\t\t\t<\/div>\n\t\t\t\t<\/div>\n\t\t<div class=\"elementor-element elementor-element-6e23459 e-flex e-con-boxed e-con e-parent\" data-id=\"6e23459\" data-element_type=\"container\" data-e-type=\"container\">\n\t\t\t\t\t<div class=\"e-con-inner\">\n\t\t<div class=\"elementor-element elementor-element-3ffea94 e-con-full e-flex e-con e-child\" data-id=\"3ffea94\" data-element_type=\"container\" data-e-type=\"container\" data-settings=\"{&quot;background_background&quot;:&quot;classic&quot;}\">\n\t\t\t\t<div class=\"elementor-element elementor-element-f3f9f5a elementor-widget elementor-widget-text-editor\" data-id=\"f3f9f5a\" data-element_type=\"widget\" data-e-type=\"widget\" data-widget_type=\"text-editor.default\">\n\t\t\t\t<div class=\"elementor-widget-container\">\n\t\t\t\t\t\t\t\t\t<p><strong>AVIS JURIDIQUE ET CONDITIONS D&#8217;UTILISATION DU SITE<\/strong><\/p><p><strong><br><\/strong><\/p>\n<p><\/p>\n<p><strong>Informations g\u00e9n\u00e9rales<\/strong><\/p><p><span style=\"color: var( --e-global-color-text ); font-family: var( --e-global-typography-text-font-family ), Sans-serif; font-weight: var( --e-global-typography-text-font-weight ); text-align: var(--text-align); font-size: 1rem;\">Conform\u00e9ment \u00e0 l&#8217;obligation d&#8217;information pr\u00e9vue par la loi 34\/2002, du 11 juillet, sur les services de la soci\u00e9t\u00e9 de l&#8217;information et le commerce \u00e9lectronique, les informations g\u00e9n\u00e9rales du site web sont d\u00e9taill\u00e9es ci-dessous :<\/span><\/p>\n<p><\/p>\n<p>ASCANIO QU\u00cdMICA S.A.- A38026605<\/p>\n<p>POL.IND.VALLE DE G\u00dc\u00cdMAR, M7-P1- 38509 CANDELARIA<\/p>\n<p>Registre mercantile de Santa Cruz de Tenerife, volume 170, folio 35, feuille de registre TF 1406, premi\u00e8re inscription.<\/p>\n<p>T\u00e9l\u00e9phone : 922272804<\/p>\n<p>Courriel : info@ascanioquimica.com<\/p><p><br><\/p>\n<p><\/p>\n<p><strong>Conditions d&#8217;utilisation<\/strong><\/p>\n<p><\/p>\n<p>L&#8217;acc\u00e8s et l&#8217;utilisation de ce site web conf\u00e8rent au visiteur la condition d&#8217;utilisateur. Cela implique que l&#8217;utilisateur accepte les conditions d&#8217;utilisation en vigueur \u00e0 tout moment et s&#8217;engage \u00e0 faire un usage appropri\u00e9 du contenu du site web et \u00e0 observer et respecter strictement les dispositions de la pr\u00e9sente notice et de toute r\u00e9glementation applicable. <\/p>\n<p><\/p>\n<p>De m\u00eame, l&#8217;utilisateur s&#8217;engage \u00e0 :<\/p>\n<p><\/p>\n<p>Fournir des informations pr\u00e9cises sur les donn\u00e9es d&#8217;enregistrement et les tenir \u00e0 jour ;<\/p>\n<p>Ne pas diffuser de contenus contraires \u00e0 la loi ou \u00e0 la dignit\u00e9 de la personne, discriminatoires en raison de la naissance, de la race, du sexe, de la religion, de l&#8217;opinion ou de toute autre condition ou circonstance personnelle ou sociale, ou qui, d&#8217;une mani\u00e8re ou d&#8217;une autre, sont contraires \u00e0 la loi et \u00e0 l&#8217;ordre public ;<\/p>\n<p>ASCANIO QU\u00cdMICA S.A. se r\u00e9serve le droit d&#8217;apporter les modifications qu&#8217;elle jugera opportunes, en ajoutant, modifiant ou supprimant des contenus ou des services fournis par le biais du site Web, ainsi que de supprimer toute contribution ou tout commentaire qui contreviendrait aux r\u00e8gles d\u00e9crites ci-dessus.<\/p>\n<p>ASCANIO QU\u00cdMICA S.A. ne sera en aucun cas responsable des opinions exprim\u00e9es par l&#8217;utilisateur \u00e0 travers les outils de participation offerts par le site web.<\/p>\n<p><\/p>\n<p><strong>L&#8217;acc\u00e8s au site web est gratuit pour l&#8217;utilisateur dans toutes ses parties, contenus, etc.<\/strong><\/p>\n<p><\/p>\n<p>L&#8217;utilisateur d\u00e9clare, sous sa responsabilit\u00e9, qu&#8217;il est majeur et qu&#8217;il a la capacit\u00e9 suffisante pour \u00eatre li\u00e9 par les pr\u00e9sentes conditions.<\/p>\n<p><\/p>\n<p><strong><br><\/strong><\/p><p><strong>Politique de confidentialit\u00e9 et de protection des donn\u00e9es<\/strong><\/p>\n<p>Les donn\u00e9es personnelles fournies \u00e9lectroniquement par le biais des formulaires du site web seront trait\u00e9es afin de r\u00e9pondre \u00e0 votre demande, de vous envoyer de la publicit\u00e9 sur nos produits\/services par tout moyen (physique ou \u00e9lectronique) et de vous inviter \u00e0 des \u00e9v\u00e9nements organis\u00e9s par l&#8217;entreprise. Les donn\u00e9es du traitement sont les suivantes : <\/p>\n<p><\/p>\n<p><strong>Qui est responsable ?<\/strong><\/p>\n<p><\/p>\n<p>&nbsp; Responsable : ASCANIO QU\u00cdMICA S.A.<\/p>\n<p>&nbsp;&nbsp;&nbsp;&nbsp;&nbsp;&nbsp; Adresse : POL.IND.VALLE DE G\u00dc\u00cdMAR, M7-P1 &#8211; 38509 CANDELARIA<\/p>\n<p>&nbsp;&nbsp;&nbsp;&nbsp;&nbsp;&nbsp;&nbsp; T\u00e9l\u00e9phone : 922272804<\/p>\n<p>&nbsp;&nbsp;&nbsp;&nbsp;&nbsp;&nbsp;&nbsp;&nbsp;&nbsp;&nbsp; Courrier : info@ascanioquimica.com info@ascanioquimica.com<\/p>\n<p><\/p>\n<p><strong>\u00c0 quelles fins traitons-nous vos donn\u00e9es personnelles ?<\/strong><\/p>\n<p><\/p>\n<p>Envoi d&#8217;informations et prospection commerciale.<\/p>\n<p>Afin de pouvoir vous proposer des produits et des services en fonction de vos int\u00e9r\u00eats et d&#8217;am\u00e9liorer votre exp\u00e9rience d&#8217;utilisateur, nous cr\u00e9erons un profil marketing sur la base des informations fournies. Aucune d\u00e9cision automatis\u00e9e ne sera prise sur la base de ce profil. <\/p>\n<p><\/p>\n<p><strong>Combien de temps conserverons-nous vos donn\u00e9es ?<\/strong><\/p>\n<p><\/p>\n<p>Pendant la dur\u00e9e de la relation contractuelle si vous \u00eates un client.<\/p>\n<p>Pour une p\u00e9riode d&#8217;un an \u00e0 compter de la derni\u00e8re confirmation d&#8217;int\u00e9r\u00eat si vous n&#8217;\u00eates pas client.<\/p>\n<p><\/p>\n<p><strong>Quelle est la l\u00e9gitimit\u00e9 du traitement de vos donn\u00e9es personnelles ?<\/strong><\/p>\n<p><\/p>\n<p>L&#8217;offre prospective de produits et de services est bas\u00e9e sur votre consentement, sans que le retrait du consentement ne soit en aucun cas une condition pour l&#8217;ex\u00e9cution du contrat de service.<\/p>\n<p><\/p>\n<p><strong>\u00c0 quels destinataires vos donn\u00e9es seront-elles communiqu\u00e9es ?<\/strong><\/p>\n<p><\/p>\n<p>Elles ne seront jamais transmises \u00e0 des tiers.<\/p>\n<p><\/p>\n<p><strong>Quels sont vos droits lorsque vous nous fournissez vos donn\u00e9es personnelles ?<\/strong><\/p>\n<p><\/p>\n<p>Toute personne a le droit d&#8217;obtenir la confirmation que nous traitons ou non des donn\u00e9es \u00e0 caract\u00e8re personnel la concernant. Les personnes concern\u00e9es ont le droit d&#8217;acc\u00e9der \u00e0 leurs donn\u00e9es personnelles, ainsi que le droit de demander la rectification des donn\u00e9es inexactes ou, le cas \u00e9ch\u00e9ant, de demander leur suppression lorsque, entre autres raisons, les donn\u00e9es ne sont plus n\u00e9cessaires aux fins pour lesquelles elles ont \u00e9t\u00e9 collect\u00e9es. Dans certaines circonstances, les personnes concern\u00e9es peuvent demander la limitation du traitement de leurs donn\u00e9es, auquel cas nous ne les conserverons que pour l&#8217;exercice ou la d\u00e9fense de droits. Dans certaines circonstances et pour des raisons tenant \u00e0 leur situation particuli\u00e8re, les personnes concern\u00e9es peuvent s&#8217;opposer au traitement de leurs donn\u00e9es. En outre, elles peuvent introduire une r\u00e9clamation concernant leurs droits aupr\u00e8s de l&#8217;autorit\u00e9 de contr\u00f4le (www.aepd.es).    <\/p>\n<p><\/p>\n<p><strong><br><\/strong><\/p><p><strong>Politique en mati\u00e8re de cookies<\/strong><\/p>\n<p><\/p>\n<p><a href=\"https:\/\/ascanioquimica.com\/cookies\/\">Lien vers la politique en mati\u00e8re de cookies<\/a><\/p>\n<p><\/p>\n<p><strong><br><\/strong><\/p><p><strong>Politique de liaison<\/strong><\/p>\n<p><\/p>\n<p>Le site Web peut contenir des liens vers d&#8217;autres sites Web dont la politique de confidentialit\u00e9 diff\u00e8re de celle-ci. ASCANIO QU\u00cdMICA S.A. n&#8217;est pas responsable du contenu ou des pratiques des sites li\u00e9s et il est recommand\u00e9 \u00e0 l&#8217;utilisateur de lire en d\u00e9tail la politique de confidentialit\u00e9 de tout site Web auquel il acc\u00e8de \u00e0 partir de celui-ci. <\/p>\n<p><\/p>\n<p><strong><br><\/strong><\/p><p><strong>Propri\u00e9t\u00e9 intellectuelle et industrielle<\/strong><\/p>\n<p><\/p>\n<p>Les droits de propri\u00e9t\u00e9 intellectuelle et industrielle, les droits d&#8217;exploitation et de reproduction de ce site web (pages, \u00e9crans, informations, apparence, structure et conception, code source, fichiers audio et logiciels, ainsi que les liens) appartiennent, ont \u00e9t\u00e9 transf\u00e9r\u00e9s ou sont sous licence \u00e0 ASCANIO QU\u00cdMICA S.A., sauf indication contraire.<\/p>\n<p><\/p>\n<p>Le nom, le dessin et les logos qui composent ce site web sont des marques d\u00fbment d\u00e9pos\u00e9es. Leur utilisation abusive peut faire l&#8217;objet de poursuites conform\u00e9ment \u00e0 la l\u00e9gislation en vigueur. <\/p>\n<p><\/p>\n<p>Les droits de propri\u00e9t\u00e9 intellectuelle et les marques de tiers sont mis en \u00e9vidence et doivent \u00eatre respect\u00e9s par l&#8217;utilisateur dans tous les cas.<\/p>\t\t\t\t\t\t\t\t<\/div>\n\t\t\t\t<\/div>\n\t\t\t\t<\/div>\n\t\t\t\t\t<\/div>\n\t\t\t\t<\/div>\n\t\t\t\t<\/div>\n\t\t","protected":false},"excerpt":{"rendered":"<p>AVIS JURIDIQUE ET CONDITIONS D&#8217;UTILISATION DU SITE Informations g\u00e9n\u00e9rales Conform\u00e9ment \u00e0 l&#8217;obligation d&#8217;information pr\u00e9vue par la loi 34\/2002, du 11 juillet, sur les services de la soci\u00e9t\u00e9 de l&#8217;information et le commerce \u00e9lectronique, les informations g\u00e9n\u00e9rales du site web sont d\u00e9taill\u00e9es ci-dessous : ASCANIO QU\u00cdMICA S.A.- A38026605 POL.IND.VALLE DE G\u00dc\u00cdMAR, M7-P1- 38509 CANDELARIA Registre mercantile [&hellip;]<\/p>\n","protected":false},"author":1,"featured_media":0,"parent":0,"menu_order":0,"comment_status":"closed","ping_status":"closed","template":"elementor_header_footer","meta":{"_joinchat":[],"footnotes":""},"class_list":["post-10272","page","type-page","status-publish","hentry"],"yoast_head":"<!-- This site is optimized with the Yoast SEO plugin v27.3 - https:\/\/yoast.com\/product\/yoast-seo-wordpress\/ -->\n<title>Avis juridique - Ascanio Qu\u00edmica<\/title>\n<meta name=\"robots\" content=\"index, follow, max-snippet:-1, max-image-preview:large, max-video-preview:-1\" \/>\n<link rel=\"canonical\" href=\"https:\/\/ascanioquimica.com\/fr\/avis-juridique\/\" \/>\n<meta property=\"og:locale\" content=\"fr_FR\" \/>\n<meta property=\"og:type\" content=\"article\" \/>\n<meta property=\"og:title\" content=\"Avis juridique - Ascanio Qu\u00edmica\" \/>\n<meta property=\"og:description\" content=\"AVIS JURIDIQUE ET CONDITIONS D&#8217;UTILISATION DU SITE Informations g\u00e9n\u00e9rales Conform\u00e9ment \u00e0 l&#8217;obligation d&#8217;information pr\u00e9vue par la loi 34\/2002, du 11 juillet, sur les services de la soci\u00e9t\u00e9 de l&#8217;information et le commerce \u00e9lectronique, les informations g\u00e9n\u00e9rales du site web sont d\u00e9taill\u00e9es ci-dessous : ASCANIO QU\u00cdMICA S.A.- A38026605 POL.IND.VALLE DE G\u00dc\u00cdMAR, M7-P1- 38509 CANDELARIA Registre mercantile [&hellip;]\" \/>\n<meta property=\"og:url\" content=\"https:\/\/ascanioquimica.com\/fr\/avis-juridique\/\" \/>\n<meta property=\"og:site_name\" content=\"Ascanio Qu\u00edmica\" \/>\n<meta property=\"article:publisher\" content=\"https:\/\/www.facebook.com\/Ascanio-Qumica-SA-856072077864941\/\" \/>\n<meta property=\"article:modified_time\" content=\"2025-01-20T12:41:41+00:00\" \/>\n<meta property=\"og:image\" content=\"https:\/\/ascanioquimica.com\/wp-content\/uploads\/2024\/10\/ascanioq-logo-footer-v1.png\" \/>\n\t<meta property=\"og:image:width\" content=\"200\" \/>\n\t<meta property=\"og:image:height\" content=\"153\" \/>\n\t<meta property=\"og:image:type\" content=\"image\/png\" \/>\n<meta name=\"twitter:card\" content=\"summary_large_image\" \/>\n<meta name=\"twitter:site\" content=\"@AscanioQuimica\" \/>\n<meta name=\"twitter:label1\" content=\"Dur\u00e9e de lecture estim\u00e9e\" \/>\n\t<meta name=\"twitter:data1\" content=\"5 minutes\" \/>\n<script type=\"application\/ld+json\" class=\"yoast-schema-graph\">{\"@context\":\"https:\\\/\\\/schema.org\",\"@graph\":[{\"@type\":\"WebPage\",\"@id\":\"https:\\\/\\\/ascanioquimica.com\\\/fr\\\/avis-juridique\\\/\",\"url\":\"https:\\\/\\\/ascanioquimica.com\\\/fr\\\/avis-juridique\\\/\",\"name\":\"Avis juridique - Ascanio Qu\u00edmica\",\"isPartOf\":{\"@id\":\"https:\\\/\\\/ascanioquimica.com\\\/fr\\\/#website\"},\"datePublished\":\"2024-10-29T14:17:17+00:00\",\"dateModified\":\"2025-01-20T12:41:41+00:00\",\"breadcrumb\":{\"@id\":\"https:\\\/\\\/ascanioquimica.com\\\/fr\\\/avis-juridique\\\/#breadcrumb\"},\"inLanguage\":\"fr-FR\",\"potentialAction\":[{\"@type\":\"ReadAction\",\"target\":[\"https:\\\/\\\/ascanioquimica.com\\\/fr\\\/avis-juridique\\\/\"]}]},{\"@type\":\"BreadcrumbList\",\"@id\":\"https:\\\/\\\/ascanioquimica.com\\\/fr\\\/avis-juridique\\\/#breadcrumb\",\"itemListElement\":[{\"@type\":\"ListItem\",\"position\":1,\"name\":\"Portada\",\"item\":\"https:\\\/\\\/ascanioquimica.com\\\/fr\\\/\"},{\"@type\":\"ListItem\",\"position\":2,\"name\":\"Avis juridique\"}]},{\"@type\":\"WebSite\",\"@id\":\"https:\\\/\\\/ascanioquimica.com\\\/fr\\\/#website\",\"url\":\"https:\\\/\\\/ascanioquimica.com\\\/fr\\\/\",\"name\":\"Ascanio Qu\u00edmica\",\"description\":\"Soluciones Qu\u00edmicas para Canarias\",\"publisher\":{\"@id\":\"https:\\\/\\\/ascanioquimica.com\\\/fr\\\/#organization\"},\"potentialAction\":[{\"@type\":\"SearchAction\",\"target\":{\"@type\":\"EntryPoint\",\"urlTemplate\":\"https:\\\/\\\/ascanioquimica.com\\\/fr\\\/?s={search_term_string}\"},\"query-input\":{\"@type\":\"PropertyValueSpecification\",\"valueRequired\":true,\"valueName\":\"search_term_string\"}}],\"inLanguage\":\"fr-FR\"},{\"@type\":\"Organization\",\"@id\":\"https:\\\/\\\/ascanioquimica.com\\\/fr\\\/#organization\",\"name\":\"Ascanio Qu\u00edmica\",\"url\":\"https:\\\/\\\/ascanioquimica.com\\\/fr\\\/\",\"logo\":{\"@type\":\"ImageObject\",\"inLanguage\":\"fr-FR\",\"@id\":\"https:\\\/\\\/ascanioquimica.com\\\/fr\\\/#\\\/schema\\\/logo\\\/image\\\/\",\"url\":\"https:\\\/\\\/ascanioquimica.com\\\/wp-content\\\/uploads\\\/2024\\\/10\\\/ascanioq-logo-footer-v1.png\",\"contentUrl\":\"https:\\\/\\\/ascanioquimica.com\\\/wp-content\\\/uploads\\\/2024\\\/10\\\/ascanioq-logo-footer-v1.png\",\"width\":200,\"height\":153,\"caption\":\"Ascanio Qu\u00edmica\"},\"image\":{\"@id\":\"https:\\\/\\\/ascanioquimica.com\\\/fr\\\/#\\\/schema\\\/logo\\\/image\\\/\"},\"sameAs\":[\"https:\\\/\\\/www.facebook.com\\\/Ascanio-Qumica-SA-856072077864941\\\/\",\"https:\\\/\\\/x.com\\\/AscanioQuimica\",\"https:\\\/\\\/www.instagram.com\\\/ascanioquimica\\\/\"]}]}<\/script>\n<!-- \/ Yoast SEO plugin. -->","yoast_head_json":{"title":"Avis juridique - Ascanio Qu\u00edmica","robots":{"index":"index","follow":"follow","max-snippet":"max-snippet:-1","max-image-preview":"max-image-preview:large","max-video-preview":"max-video-preview:-1"},"canonical":"https:\/\/ascanioquimica.com\/fr\/avis-juridique\/","og_locale":"fr_FR","og_type":"article","og_title":"Avis juridique - Ascanio Qu\u00edmica","og_description":"AVIS JURIDIQUE ET CONDITIONS D&#8217;UTILISATION DU SITE Informations g\u00e9n\u00e9rales Conform\u00e9ment \u00e0 l&#8217;obligation d&#8217;information pr\u00e9vue par la loi 34\/2002, du 11 juillet, sur les services de la soci\u00e9t\u00e9 de l&#8217;information et le commerce \u00e9lectronique, les informations g\u00e9n\u00e9rales du site web sont d\u00e9taill\u00e9es ci-dessous : ASCANIO QU\u00cdMICA S.A.- A38026605 POL.IND.VALLE DE G\u00dc\u00cdMAR, M7-P1- 38509 CANDELARIA Registre mercantile [&hellip;]","og_url":"https:\/\/ascanioquimica.com\/fr\/avis-juridique\/","og_site_name":"Ascanio Qu\u00edmica","article_publisher":"https:\/\/www.facebook.com\/Ascanio-Qumica-SA-856072077864941\/","article_modified_time":"2025-01-20T12:41:41+00:00","og_image":[{"width":200,"height":153,"url":"https:\/\/ascanioquimica.com\/wp-content\/uploads\/2024\/10\/ascanioq-logo-footer-v1.png","type":"image\/png"}],"twitter_card":"summary_large_image","twitter_site":"@AscanioQuimica","twitter_misc":{"Dur\u00e9e de lecture estim\u00e9e":"5 minutes"},"schema":{"@context":"https:\/\/schema.org","@graph":[{"@type":"WebPage","@id":"https:\/\/ascanioquimica.com\/fr\/avis-juridique\/","url":"https:\/\/ascanioquimica.com\/fr\/avis-juridique\/","name":"Avis juridique - Ascanio Qu\u00edmica","isPartOf":{"@id":"https:\/\/ascanioquimica.com\/fr\/#website"},"datePublished":"2024-10-29T14:17:17+00:00","dateModified":"2025-01-20T12:41:41+00:00","breadcrumb":{"@id":"https:\/\/ascanioquimica.com\/fr\/avis-juridique\/#breadcrumb"},"inLanguage":"fr-FR","potentialAction":[{"@type":"ReadAction","target":["https:\/\/ascanioquimica.com\/fr\/avis-juridique\/"]}]},{"@type":"BreadcrumbList","@id":"https:\/\/ascanioquimica.com\/fr\/avis-juridique\/#breadcrumb","itemListElement":[{"@type":"ListItem","position":1,"name":"Portada","item":"https:\/\/ascanioquimica.com\/fr\/"},{"@type":"ListItem","position":2,"name":"Avis juridique"}]},{"@type":"WebSite","@id":"https:\/\/ascanioquimica.com\/fr\/#website","url":"https:\/\/ascanioquimica.com\/fr\/","name":"Ascanio Qu\u00edmica","description":"Soluciones Qu\u00edmicas para Canarias","publisher":{"@id":"https:\/\/ascanioquimica.com\/fr\/#organization"},"potentialAction":[{"@type":"SearchAction","target":{"@type":"EntryPoint","urlTemplate":"https:\/\/ascanioquimica.com\/fr\/?s={search_term_string}"},"query-input":{"@type":"PropertyValueSpecification","valueRequired":true,"valueName":"search_term_string"}}],"inLanguage":"fr-FR"},{"@type":"Organization","@id":"https:\/\/ascanioquimica.com\/fr\/#organization","name":"Ascanio Qu\u00edmica","url":"https:\/\/ascanioquimica.com\/fr\/","logo":{"@type":"ImageObject","inLanguage":"fr-FR","@id":"https:\/\/ascanioquimica.com\/fr\/#\/schema\/logo\/image\/","url":"https:\/\/ascanioquimica.com\/wp-content\/uploads\/2024\/10\/ascanioq-logo-footer-v1.png","contentUrl":"https:\/\/ascanioquimica.com\/wp-content\/uploads\/2024\/10\/ascanioq-logo-footer-v1.png","width":200,"height":153,"caption":"Ascanio Qu\u00edmica"},"image":{"@id":"https:\/\/ascanioquimica.com\/fr\/#\/schema\/logo\/image\/"},"sameAs":["https:\/\/www.facebook.com\/Ascanio-Qumica-SA-856072077864941\/","https:\/\/x.com\/AscanioQuimica","https:\/\/www.instagram.com\/ascanioquimica\/"]}]}},"_links":{"self":[{"href":"https:\/\/ascanioquimica.com\/fr\/wp-json\/wp\/v2\/pages\/10272","targetHints":{"allow":["GET"]}}],"collection":[{"href":"https:\/\/ascanioquimica.com\/fr\/wp-json\/wp\/v2\/pages"}],"about":[{"href":"https:\/\/ascanioquimica.com\/fr\/wp-json\/wp\/v2\/types\/page"}],"author":[{"embeddable":true,"href":"https:\/\/ascanioquimica.com\/fr\/wp-json\/wp\/v2\/users\/1"}],"replies":[{"embeddable":true,"href":"https:\/\/ascanioquimica.com\/fr\/wp-json\/wp\/v2\/comments?post=10272"}],"version-history":[{"count":1,"href":"https:\/\/ascanioquimica.com\/fr\/wp-json\/wp\/v2\/pages\/10272\/revisions"}],"predecessor-version":[{"id":10273,"href":"https:\/\/ascanioquimica.com\/fr\/wp-json\/wp\/v2\/pages\/10272\/revisions\/10273"}],"wp:attachment":[{"href":"https:\/\/ascanioquimica.com\/fr\/wp-json\/wp\/v2\/media?parent=10272"}],"curies":[{"name":"wp","href":"https:\/\/api.w.org\/{rel}","templated":true}]}}