{"id":10128,"date":"2024-11-05T16:23:50","date_gmt":"2024-11-05T15:23:50","guid":{"rendered":"https:\/\/ascanioquimica.com\/privacy-policy\/"},"modified":"2024-11-28T16:06:07","modified_gmt":"2024-11-28T15:06:07","slug":"privacy-policy","status":"publish","type":"page","link":"https:\/\/ascanioquimica.com\/en\/privacy-policy\/","title":{"rendered":"Privacy Policy"},"content":{"rendered":"\t\t<div data-elementor-type=\"wp-page\" data-elementor-id=\"10128\" class=\"elementor elementor-10128 elementor-927\" data-elementor-post-type=\"page\">\n\t\t\t\t<div class=\"elementor-element elementor-element-54bd1931 e-flex e-con-boxed e-con e-parent\" data-id=\"54bd1931\" data-element_type=\"container\" data-e-type=\"container\" data-settings=\"{&quot;background_background&quot;:&quot;classic&quot;}\">\n\t\t\t\t\t<div class=\"e-con-inner\">\n\t\t<div class=\"elementor-element elementor-element-6706e368 e-con-full e-flex e-con e-child\" data-id=\"6706e368\" data-element_type=\"container\" data-e-type=\"container\">\n\t\t\t\t<div class=\"elementor-element elementor-element-6b9ff3ff elementor-widget elementor-widget-heading\" data-id=\"6b9ff3ff\" data-element_type=\"widget\" data-e-type=\"widget\" data-widget_type=\"heading.default\">\n\t\t\t\t<div class=\"elementor-widget-container\">\n\t\t\t\t\t<h2 class=\"elementor-heading-title elementor-size-default\">Privacy Policy<\/h2>\t\t\t\t<\/div>\n\t\t\t\t<\/div>\n\t\t\t\t<\/div>\n\t\t\t\t\t<\/div>\n\t\t\t\t<\/div>\n\t\t<div class=\"elementor-element elementor-element-6e23459 e-flex e-con-boxed e-con e-parent\" data-id=\"6e23459\" data-element_type=\"container\" data-e-type=\"container\">\n\t\t\t\t\t<div class=\"e-con-inner\">\n\t\t<div class=\"elementor-element elementor-element-3ffea94 e-con-full e-flex e-con e-child\" data-id=\"3ffea94\" data-element_type=\"container\" data-e-type=\"container\" data-settings=\"{&quot;background_background&quot;:&quot;classic&quot;}\">\n\t\t\t\t<div class=\"elementor-element elementor-element-f3f9f5a elementor-widget elementor-widget-text-editor\" data-id=\"f3f9f5a\" data-element_type=\"widget\" data-e-type=\"widget\" data-widget_type=\"text-editor.default\">\n\t\t\t\t<div class=\"elementor-widget-container\">\n\t\t\t\t\t\t\t\t\t<p><em><strong>Privacy and Data Protection Policy<\/strong><\/em><\/p>\n<p><strong>Responsible:<\/strong> ASCANIO QU\u00cdMICA, S.A. (hereinafter &#8220;the company&#8221;).<br \/><strong>Contact details of THE COMPANY:<\/strong> Pol.Ind. Valle de G\u00fc\u00edmar, M7-P1-CANDELARIA. SANTA CRUZ DE TENERIFE, and e-mail info@ascanioquimica.com CIF: A38026605<\/p>\n<p><strong>Use and purpose of the data obtained<\/strong><br \/>The data we request in the form on our website are adequate, relevant and strictly necessary for the purpose of responding to your request for information, and in no case are you obliged to provide them. The mandatory data are specified in the form itself. You also assure us that all data provided are true, accurate and relevant to the purpose for which we request them, and that you are not registered in any Robinson file or any other similar exclusion list.<br \/>The personal data provided will be kept as long as the business relationship is maintained, and once the aforementioned relationship ends, they will be kept blocked for the legally established period of time, before their destruction.<br \/>The sending of the same implies your express authorization to incorporate them to our corresponding files, as long as THE COMPANY considers it convenient for the management of the request you request.<br \/>Likewise, you expressly consent that your personal data may be transferred to third party companies when necessary for the management of your request.<br \/>It is important that in order for us to keep your personal data updated, you inform us whenever there is any change in them, as well as inform us if, after the collection of your data, you decide to register in a Robinson file or similar list. We consider that if you do not expressly cancel your personal data from our files, you remain interested in continuing to be included in them until the Responsible considers it appropriate and as long as it is appropriate for the purpose for which they were obtained.<\/p>\n<p><strong>Rights of data subjects<\/strong><br \/>The owner of the personal data has the right to:<br \/>Obtain confirmation as to whether or not the Controller is processing the personal data concerning them.<br \/>Access to your personal data, as well as to request the rectification of inaccurate data or, where appropriate, request their deletion when, among other reasons, the data are no longer necessary for the purposes for which they were collected.<br \/>The interested parties may request the limitation of the processing of their data, in which case the Data Controller will only keep them for the exercise or defense of claims.<br \/>Interested parties may object to the processing of their data.<br \/>The holder may exercise his\/her rights:<br \/>by e-mail to the address info@ascanioquimica.com with &#8220;Data Protection&#8221; in the subject line.<br \/>If you feel that your rights have not been adequately addressed, you have the right to file a complaint with the Spanish Data Protection Agency.  <a href=\"http:\/\/www.aepd.es\/\" target=\"_blank\" rel=\"noopener noreferrer\">www.aepd.es<\/a><\/p>\n\t\t\t\t\t\t\t\t<\/div>\n\t\t\t\t<\/div>\n\t\t\t\t<\/div>\n\t\t\t\t\t<\/div>\n\t\t\t\t<\/div>\n\t\t\t\t<\/div>\n\t\t","protected":false},"excerpt":{"rendered":"<p>Privacy and Data Protection Policy Responsible: ASCANIO QU\u00cdMICA, S.A. (hereinafter &#8220;the company&#8221;).Contact details of THE COMPANY: Pol.Ind. Valle de G\u00fc\u00edmar, M7-P1-CANDELARIA. SANTA CRUZ DE TENERIFE, and e-mail info@ascanioquimica.com CIF: A38026605 Use and purpose of the data obtainedThe data we request in the form on our website are adequate, relevant and strictly necessary for the purpose [&hellip;]<\/p>\n","protected":false},"author":1,"featured_media":0,"parent":0,"menu_order":0,"comment_status":"closed","ping_status":"closed","template":"elementor_header_footer","meta":{"_joinchat":[],"footnotes":""},"class_list":["post-10128","page","type-page","status-publish","hentry"],"yoast_head":"<!-- This site is optimized with the Yoast SEO plugin v27.3 - https:\/\/yoast.com\/product\/yoast-seo-wordpress\/ -->\n<title>Privacy Policy - Ascanio Qu\u00edmica<\/title>\n<meta name=\"robots\" content=\"index, follow, max-snippet:-1, max-image-preview:large, max-video-preview:-1\" \/>\n<link rel=\"canonical\" href=\"https:\/\/ascanioquimica.com\/en\/privacy-policy\/\" \/>\n<meta property=\"og:locale\" content=\"en_US\" \/>\n<meta property=\"og:type\" content=\"article\" \/>\n<meta property=\"og:title\" content=\"Privacy Policy - Ascanio Qu\u00edmica\" \/>\n<meta property=\"og:description\" content=\"Privacy and Data Protection Policy Responsible: ASCANIO QU\u00cdMICA, S.A. (hereinafter &#8220;the company&#8221;).Contact details of THE COMPANY: Pol.Ind. Valle de G\u00fc\u00edmar, M7-P1-CANDELARIA. SANTA CRUZ DE TENERIFE, and e-mail info@ascanioquimica.com CIF: A38026605 Use and purpose of the data obtainedThe data we request in the form on our website are adequate, relevant and strictly necessary for the purpose [&hellip;]\" \/>\n<meta property=\"og:url\" content=\"https:\/\/ascanioquimica.com\/en\/privacy-policy\/\" \/>\n<meta property=\"og:site_name\" content=\"Ascanio Qu\u00edmica\" \/>\n<meta property=\"article:publisher\" content=\"https:\/\/www.facebook.com\/Ascanio-Qumica-SA-856072077864941\/\" \/>\n<meta property=\"article:modified_time\" content=\"2024-11-28T15:06:07+00:00\" \/>\n<meta property=\"og:image\" content=\"https:\/\/ascanioquimica.com\/wp-content\/uploads\/2024\/10\/ascanioq-logo-footer-v1.png\" \/>\n\t<meta property=\"og:image:width\" content=\"200\" \/>\n\t<meta property=\"og:image:height\" content=\"153\" \/>\n\t<meta property=\"og:image:type\" content=\"image\/png\" \/>\n<meta name=\"twitter:card\" content=\"summary_large_image\" \/>\n<meta name=\"twitter:site\" content=\"@AscanioQuimica\" \/>\n<meta name=\"twitter:label1\" content=\"Est. reading time\" \/>\n\t<meta name=\"twitter:data1\" content=\"2 minutes\" \/>\n<script type=\"application\/ld+json\" class=\"yoast-schema-graph\">{\"@context\":\"https:\\\/\\\/schema.org\",\"@graph\":[{\"@type\":\"WebPage\",\"@id\":\"https:\\\/\\\/ascanioquimica.com\\\/en\\\/privacy-policy\\\/\",\"url\":\"https:\\\/\\\/ascanioquimica.com\\\/en\\\/privacy-policy\\\/\",\"name\":\"Privacy Policy - Ascanio Qu\u00edmica\",\"isPartOf\":{\"@id\":\"https:\\\/\\\/ascanioquimica.com\\\/en\\\/#website\"},\"datePublished\":\"2024-11-05T15:23:50+00:00\",\"dateModified\":\"2024-11-28T15:06:07+00:00\",\"breadcrumb\":{\"@id\":\"https:\\\/\\\/ascanioquimica.com\\\/en\\\/privacy-policy\\\/#breadcrumb\"},\"inLanguage\":\"en-US\",\"potentialAction\":[{\"@type\":\"ReadAction\",\"target\":[\"https:\\\/\\\/ascanioquimica.com\\\/en\\\/privacy-policy\\\/\"]}]},{\"@type\":\"BreadcrumbList\",\"@id\":\"https:\\\/\\\/ascanioquimica.com\\\/en\\\/privacy-policy\\\/#breadcrumb\",\"itemListElement\":[{\"@type\":\"ListItem\",\"position\":1,\"name\":\"Portada\",\"item\":\"https:\\\/\\\/ascanioquimica.com\\\/en\\\/\"},{\"@type\":\"ListItem\",\"position\":2,\"name\":\"Privacy Policy\"}]},{\"@type\":\"WebSite\",\"@id\":\"https:\\\/\\\/ascanioquimica.com\\\/en\\\/#website\",\"url\":\"https:\\\/\\\/ascanioquimica.com\\\/en\\\/\",\"name\":\"Ascanio Qu\u00edmica\",\"description\":\"Soluciones Qu\u00edmicas para Canarias\",\"publisher\":{\"@id\":\"https:\\\/\\\/ascanioquimica.com\\\/en\\\/#organization\"},\"potentialAction\":[{\"@type\":\"SearchAction\",\"target\":{\"@type\":\"EntryPoint\",\"urlTemplate\":\"https:\\\/\\\/ascanioquimica.com\\\/en\\\/?s={search_term_string}\"},\"query-input\":{\"@type\":\"PropertyValueSpecification\",\"valueRequired\":true,\"valueName\":\"search_term_string\"}}],\"inLanguage\":\"en-US\"},{\"@type\":\"Organization\",\"@id\":\"https:\\\/\\\/ascanioquimica.com\\\/en\\\/#organization\",\"name\":\"Ascanio Qu\u00edmica\",\"url\":\"https:\\\/\\\/ascanioquimica.com\\\/en\\\/\",\"logo\":{\"@type\":\"ImageObject\",\"inLanguage\":\"en-US\",\"@id\":\"https:\\\/\\\/ascanioquimica.com\\\/en\\\/#\\\/schema\\\/logo\\\/image\\\/\",\"url\":\"https:\\\/\\\/ascanioquimica.com\\\/wp-content\\\/uploads\\\/2024\\\/10\\\/ascanioq-logo-footer-v1.png\",\"contentUrl\":\"https:\\\/\\\/ascanioquimica.com\\\/wp-content\\\/uploads\\\/2024\\\/10\\\/ascanioq-logo-footer-v1.png\",\"width\":200,\"height\":153,\"caption\":\"Ascanio Qu\u00edmica\"},\"image\":{\"@id\":\"https:\\\/\\\/ascanioquimica.com\\\/en\\\/#\\\/schema\\\/logo\\\/image\\\/\"},\"sameAs\":[\"https:\\\/\\\/www.facebook.com\\\/Ascanio-Qumica-SA-856072077864941\\\/\",\"https:\\\/\\\/x.com\\\/AscanioQuimica\",\"https:\\\/\\\/www.instagram.com\\\/ascanioquimica\\\/\"]}]}<\/script>\n<!-- \/ Yoast SEO plugin. -->","yoast_head_json":{"title":"Privacy Policy - Ascanio Qu\u00edmica","robots":{"index":"index","follow":"follow","max-snippet":"max-snippet:-1","max-image-preview":"max-image-preview:large","max-video-preview":"max-video-preview:-1"},"canonical":"https:\/\/ascanioquimica.com\/en\/privacy-policy\/","og_locale":"en_US","og_type":"article","og_title":"Privacy Policy - Ascanio Qu\u00edmica","og_description":"Privacy and Data Protection Policy Responsible: ASCANIO QU\u00cdMICA, S.A. (hereinafter &#8220;the company&#8221;).Contact details of THE COMPANY: Pol.Ind. Valle de G\u00fc\u00edmar, M7-P1-CANDELARIA. SANTA CRUZ DE TENERIFE, and e-mail info@ascanioquimica.com CIF: A38026605 Use and purpose of the data obtainedThe data we request in the form on our website are adequate, relevant and strictly necessary for the purpose [&hellip;]","og_url":"https:\/\/ascanioquimica.com\/en\/privacy-policy\/","og_site_name":"Ascanio Qu\u00edmica","article_publisher":"https:\/\/www.facebook.com\/Ascanio-Qumica-SA-856072077864941\/","article_modified_time":"2024-11-28T15:06:07+00:00","og_image":[{"width":200,"height":153,"url":"https:\/\/ascanioquimica.com\/wp-content\/uploads\/2024\/10\/ascanioq-logo-footer-v1.png","type":"image\/png"}],"twitter_card":"summary_large_image","twitter_site":"@AscanioQuimica","twitter_misc":{"Est. reading time":"2 minutes"},"schema":{"@context":"https:\/\/schema.org","@graph":[{"@type":"WebPage","@id":"https:\/\/ascanioquimica.com\/en\/privacy-policy\/","url":"https:\/\/ascanioquimica.com\/en\/privacy-policy\/","name":"Privacy Policy - Ascanio Qu\u00edmica","isPartOf":{"@id":"https:\/\/ascanioquimica.com\/en\/#website"},"datePublished":"2024-11-05T15:23:50+00:00","dateModified":"2024-11-28T15:06:07+00:00","breadcrumb":{"@id":"https:\/\/ascanioquimica.com\/en\/privacy-policy\/#breadcrumb"},"inLanguage":"en-US","potentialAction":[{"@type":"ReadAction","target":["https:\/\/ascanioquimica.com\/en\/privacy-policy\/"]}]},{"@type":"BreadcrumbList","@id":"https:\/\/ascanioquimica.com\/en\/privacy-policy\/#breadcrumb","itemListElement":[{"@type":"ListItem","position":1,"name":"Portada","item":"https:\/\/ascanioquimica.com\/en\/"},{"@type":"ListItem","position":2,"name":"Privacy Policy"}]},{"@type":"WebSite","@id":"https:\/\/ascanioquimica.com\/en\/#website","url":"https:\/\/ascanioquimica.com\/en\/","name":"Ascanio Qu\u00edmica","description":"Soluciones Qu\u00edmicas para Canarias","publisher":{"@id":"https:\/\/ascanioquimica.com\/en\/#organization"},"potentialAction":[{"@type":"SearchAction","target":{"@type":"EntryPoint","urlTemplate":"https:\/\/ascanioquimica.com\/en\/?s={search_term_string}"},"query-input":{"@type":"PropertyValueSpecification","valueRequired":true,"valueName":"search_term_string"}}],"inLanguage":"en-US"},{"@type":"Organization","@id":"https:\/\/ascanioquimica.com\/en\/#organization","name":"Ascanio Qu\u00edmica","url":"https:\/\/ascanioquimica.com\/en\/","logo":{"@type":"ImageObject","inLanguage":"en-US","@id":"https:\/\/ascanioquimica.com\/en\/#\/schema\/logo\/image\/","url":"https:\/\/ascanioquimica.com\/wp-content\/uploads\/2024\/10\/ascanioq-logo-footer-v1.png","contentUrl":"https:\/\/ascanioquimica.com\/wp-content\/uploads\/2024\/10\/ascanioq-logo-footer-v1.png","width":200,"height":153,"caption":"Ascanio Qu\u00edmica"},"image":{"@id":"https:\/\/ascanioquimica.com\/en\/#\/schema\/logo\/image\/"},"sameAs":["https:\/\/www.facebook.com\/Ascanio-Qumica-SA-856072077864941\/","https:\/\/x.com\/AscanioQuimica","https:\/\/www.instagram.com\/ascanioquimica\/"]}]}},"_links":{"self":[{"href":"https:\/\/ascanioquimica.com\/en\/wp-json\/wp\/v2\/pages\/10128","targetHints":{"allow":["GET"]}}],"collection":[{"href":"https:\/\/ascanioquimica.com\/en\/wp-json\/wp\/v2\/pages"}],"about":[{"href":"https:\/\/ascanioquimica.com\/en\/wp-json\/wp\/v2\/types\/page"}],"author":[{"embeddable":true,"href":"https:\/\/ascanioquimica.com\/en\/wp-json\/wp\/v2\/users\/1"}],"replies":[{"embeddable":true,"href":"https:\/\/ascanioquimica.com\/en\/wp-json\/wp\/v2\/comments?post=10128"}],"version-history":[{"count":1,"href":"https:\/\/ascanioquimica.com\/en\/wp-json\/wp\/v2\/pages\/10128\/revisions"}],"predecessor-version":[{"id":10129,"href":"https:\/\/ascanioquimica.com\/en\/wp-json\/wp\/v2\/pages\/10128\/revisions\/10129"}],"wp:attachment":[{"href":"https:\/\/ascanioquimica.com\/en\/wp-json\/wp\/v2\/media?parent=10128"}],"curies":[{"name":"wp","href":"https:\/\/api.w.org\/{rel}","templated":true}]}}