{"id":10118,"date":"2024-10-29T15:17:17","date_gmt":"2024-10-29T14:17:17","guid":{"rendered":"https:\/\/ascanioquimica.com\/legal-advice\/"},"modified":"2024-11-28T16:03:10","modified_gmt":"2024-11-28T15:03:10","slug":"legal-advice","status":"publish","type":"page","link":"https:\/\/ascanioquimica.com\/en\/legal-advice\/","title":{"rendered":"Legal Advice"},"content":{"rendered":"\t\t<div data-elementor-type=\"wp-page\" data-elementor-id=\"10118\" class=\"elementor elementor-10118 elementor-883\" data-elementor-post-type=\"page\">\n\t\t\t\t<div class=\"elementor-element elementor-element-54bd1931 e-flex e-con-boxed e-con e-parent\" data-id=\"54bd1931\" data-element_type=\"container\" data-e-type=\"container\" data-settings=\"{&quot;background_background&quot;:&quot;classic&quot;}\">\n\t\t\t\t\t<div class=\"e-con-inner\">\n\t\t<div class=\"elementor-element elementor-element-6706e368 e-con-full e-flex e-con e-child\" data-id=\"6706e368\" data-element_type=\"container\" data-e-type=\"container\">\n\t\t\t\t<div class=\"elementor-element elementor-element-6b9ff3ff elementor-widget elementor-widget-heading\" data-id=\"6b9ff3ff\" data-element_type=\"widget\" data-e-type=\"widget\" data-widget_type=\"heading.default\">\n\t\t\t\t<div class=\"elementor-widget-container\">\n\t\t\t\t\t<h2 class=\"elementor-heading-title elementor-size-default\">Legal Advice<\/h2>\t\t\t\t<\/div>\n\t\t\t\t<\/div>\n\t\t\t\t<\/div>\n\t\t\t\t\t<\/div>\n\t\t\t\t<\/div>\n\t\t<div class=\"elementor-element elementor-element-6e23459 e-flex e-con-boxed e-con e-parent\" data-id=\"6e23459\" data-element_type=\"container\" data-e-type=\"container\">\n\t\t\t\t\t<div class=\"e-con-inner\">\n\t\t<div class=\"elementor-element elementor-element-3ffea94 e-con-full e-flex e-con e-child\" data-id=\"3ffea94\" data-element_type=\"container\" data-e-type=\"container\" data-settings=\"{&quot;background_background&quot;:&quot;classic&quot;}\">\n\t\t\t\t<div class=\"elementor-element elementor-element-f3f9f5a elementor-widget elementor-widget-text-editor\" data-id=\"f3f9f5a\" data-element_type=\"widget\" data-e-type=\"widget\" data-widget_type=\"text-editor.default\">\n\t\t\t\t<div class=\"elementor-widget-container\">\n\t\t\t\t\t\t\t\t\t<p><strong>LEGAL NOTICE AND TERMS OF USE OF THE SITE<\/strong><\/p><p><strong><br><\/strong><\/p>\n<p><\/p>\n<p><strong>General information<\/strong><\/p><p><span style=\"color: var( --e-global-color-text ); font-family: var( --e-global-typography-text-font-family ), Sans-serif; font-weight: var( --e-global-typography-text-font-weight ); text-align: var(--text-align); font-size: 1rem;\">In accordance with the duty of information required by Law 34\/2002, of July 11, 2002, of Information Society Services and Electronic Commerce, the general information of the website is detailed below:<\/span><\/p>\n<p><\/p>\n<p>ASCANIO QU\u00cdMICA S.A.- A38026605<\/p>\n<p>POL.IND.VALLE DE G\u00dc\u00cdMAR, M7-P1- 38509 CANDELARIA<\/p>\n<p>Mercantile Registry of Santa Cruz de Tenerife, Volume 170, Folio 35, Registry Sheet TF 1406, First Inscription.<\/p>\n<p>Phone: 922272804<\/p>\n<p>E-mail: info@ascanioquimica.com<\/p><p><br><\/p>\n<p><\/p>\n<p><strong>Terms and conditions of use<\/strong><\/p>\n<p><\/p>\n<p>The access and use of this website attributes to the visitor the condition of user. This implies that the user accepts the conditions of use in force at all times and undertakes to make proper use of the contents of the website and to observe and strictly comply with the provisions of this notice and the rules that may be applicable. <\/p>\n<p><\/p>\n<p>Likewise, the user undertakes to:<\/p>\n<p><\/p>\n<p>Provide accurate information on registration data and keep it updated;<\/p>\n<p>Not to disseminate contents that are contrary to the law or to the dignity of the person; that are discriminatory on the grounds of birth, race, sex, religion, opinion or any other personal or social condition or circumstance; or that, in any way, are contrary to the law and public order;<\/p>\n<p>ASCANIO QUIMICA S.A. reserves the right to make any modifications it deems appropriate, adding, changing or eliminating contents or services provided through the website; as well as to remove any contribution or comment that contravenes the rules described above.<\/p>\n<p>ASCANIO QU\u00cdMICA S.A. shall not be liable in any case for the opinions expressed by the user through the participation tools offered by the website.<\/p>\n<p><\/p>\n<p><strong>Access to the website is free and free of charge for the user in all its parts, contents, etc.<\/strong><\/p>\n<p><\/p>\n<p>The user declares, under his\/her responsibility, to be of legal age and to have sufficient capacity to be bound by the present conditions.<\/p>\n<p><\/p>\n<p><strong><br><\/strong><\/p><p><strong>Privacy and data protection policy<\/strong><\/p>\n<p>The personal data provided electronically through the forms on the website will be processed to respond to your request, send you advertising of our products\/services by any means (physical or electronic) and invite you to events organized by the company. The data of the treatment are: <\/p>\n<p><\/p>\n<p><strong>Who is responsible?<\/strong><\/p>\n<p><\/p>\n<p>Responsible:&nbsp; ASCANIO QU\u00cdMICA S.A.<\/p>\n<p>Address:&nbsp;&nbsp;&nbsp;&nbsp; &nbsp;&nbsp; POL.IND.VALLE DE G\u00dc\u00cdMAR, M7-P1 &#8211; 38509 CANDELARIA<\/p>\n<p>Phone:&nbsp;&nbsp;&nbsp;&nbsp; &nbsp;&nbsp;  &nbsp;  922272804<\/p>\n<p>Mail:&nbsp;&nbsp;&nbsp;&nbsp; &nbsp;&nbsp;  &nbsp;&nbsp;  &nbsp;&nbsp; info@ascanioquimica.com info@ascanioquimica.com<\/p>\n<p><\/p>\n<p><strong>For what purposes do we process your personal data?<\/strong><\/p>\n<p><\/p>\n<p>Send information and commercial prospecting.<\/p>\n<p>In order to be able to offer you products and services according to your interests and to improve your user experience, we will create a commercial profile based on the information provided. No automated decisions will be made based on this profile. <\/p>\n<p><\/p>\n<p><strong>How long will we keep your data?<\/strong><\/p>\n<p><\/p>\n<p>For the duration of the contractual relationship if you are a customer.<\/p>\n<p>For a period of one year from the last confirmation of interest if you are not a customer.<\/p>\n<p><\/p>\n<p><strong>What is the legitimacy for the processing of your personal data?<\/strong><\/p>\n<p><\/p>\n<p>The prospective offer of products and services is based on your consent, without in any case the withdrawal of consent conditions the execution of the service contract.<\/p>\n<p><\/p>\n<p><strong>To which recipients will your data be communicated?<\/strong><\/p>\n<p><\/p>\n<p>They will never be transferred to third parties.<\/p>\n<p><\/p>\n<p><strong>What are your rights when you provide us with your personal data?<\/strong><\/p>\n<p><\/p>\n<p>Any person has the right to obtain confirmation as to whether or not we are processing personal data concerning them. Interested parties have the right to access their personal data, as well as to request the rectification of inaccurate data or, where appropriate, to request its deletion when, among other reasons, the data is no longer necessary for the purposes for which it was collected. In certain circumstances, interested parties may request the limitation of the processing of their data, in which case we will only keep them for the exercise or defense of claims. In certain circumstances and for reasons related to their particular situation, data subjects may object to the processing of their data. In addition, they may lodge claims of their rights with the Supervisory Authority (www.aepd.es).    <\/p>\n<p><\/p>\n<p><strong><br><\/strong><\/p><p><strong>Cookie Policy<\/strong><\/p>\n<p><\/p>\n<p><a href=\"https:\/\/ascanioquimica.com\/cookies\/\">Link to Cookie Policy page<\/a><\/p>\n<p><\/p>\n<p><strong><br><\/strong><\/p><p><strong>Link Policy<\/strong><\/p>\n<p><\/p>\n<p>The website may contain links to other websites with privacy policies different from this one. ASCANIO QUIMICA S.A. is not responsible for the content or practices of the linked sites and the user is recommended to read in detail the privacy policy of any website accessed from this one. <\/p>\n<p><\/p>\n<p><strong><br><\/strong><\/p><p><strong>Intellectual and industrial property<\/strong><\/p>\n<p><\/p>\n<p>The intellectual and industrial property rights, exploitation and reproduction rights of this website (pages, screens, information, appearance, structure and design, source code, audio files and software, as well as links) are owned, have been assigned or are licensed to ASCANIO QU\u00cdMICA S.A. unless otherwise specified.<\/p>\n<p><\/p>\n<p>The name, design and logos that make up this website are duly registered trademarks. Their improper use may be prosecuted in accordance with current legislation. <\/p>\n<p><\/p>\n<p>The intellectual property rights and trademarks of third parties are highlighted and the user must respect them, in any case.<\/p>\t\t\t\t\t\t\t\t<\/div>\n\t\t\t\t<\/div>\n\t\t\t\t<\/div>\n\t\t\t\t\t<\/div>\n\t\t\t\t<\/div>\n\t\t\t\t<\/div>\n\t\t","protected":false},"excerpt":{"rendered":"<p>LEGAL NOTICE AND TERMS OF USE OF THE SITE General information In accordance with the duty of information required by Law 34\/2002, of July 11, 2002, of Information Society Services and Electronic Commerce, the general information of the website is detailed below: ASCANIO QU\u00cdMICA S.A.- A38026605 POL.IND.VALLE DE G\u00dc\u00cdMAR, M7-P1- 38509 CANDELARIA Mercantile Registry of [&hellip;]<\/p>\n","protected":false},"author":1,"featured_media":0,"parent":0,"menu_order":0,"comment_status":"closed","ping_status":"closed","template":"elementor_header_footer","meta":{"_joinchat":[],"footnotes":""},"class_list":["post-10118","page","type-page","status-publish","hentry"],"yoast_head":"<!-- This site is optimized with the Yoast SEO plugin v27.3 - https:\/\/yoast.com\/product\/yoast-seo-wordpress\/ -->\n<title>Legal Advice - Ascanio Qu\u00edmica<\/title>\n<meta name=\"robots\" content=\"index, follow, max-snippet:-1, max-image-preview:large, max-video-preview:-1\" \/>\n<link rel=\"canonical\" href=\"https:\/\/ascanioquimica.com\/en\/legal-advice\/\" \/>\n<meta property=\"og:locale\" content=\"en_US\" \/>\n<meta property=\"og:type\" content=\"article\" \/>\n<meta property=\"og:title\" content=\"Legal Advice - Ascanio Qu\u00edmica\" \/>\n<meta property=\"og:description\" content=\"LEGAL NOTICE AND TERMS OF USE OF THE SITE General information In accordance with the duty of information required by Law 34\/2002, of July 11, 2002, of Information Society Services and Electronic Commerce, the general information of the website is detailed below: ASCANIO QU\u00cdMICA S.A.- A38026605 POL.IND.VALLE DE G\u00dc\u00cdMAR, M7-P1- 38509 CANDELARIA Mercantile Registry of [&hellip;]\" \/>\n<meta property=\"og:url\" content=\"https:\/\/ascanioquimica.com\/en\/legal-advice\/\" \/>\n<meta property=\"og:site_name\" content=\"Ascanio Qu\u00edmica\" \/>\n<meta property=\"article:publisher\" content=\"https:\/\/www.facebook.com\/Ascanio-Qumica-SA-856072077864941\/\" \/>\n<meta property=\"article:modified_time\" content=\"2024-11-28T15:03:10+00:00\" \/>\n<meta property=\"og:image\" content=\"https:\/\/ascanioquimica.com\/wp-content\/uploads\/2024\/10\/ascanioq-logo-footer-v1.png\" \/>\n\t<meta property=\"og:image:width\" content=\"200\" \/>\n\t<meta property=\"og:image:height\" content=\"153\" \/>\n\t<meta property=\"og:image:type\" content=\"image\/png\" \/>\n<meta name=\"twitter:card\" content=\"summary_large_image\" \/>\n<meta name=\"twitter:site\" content=\"@AscanioQuimica\" \/>\n<meta name=\"twitter:label1\" content=\"Est. reading time\" \/>\n\t<meta name=\"twitter:data1\" content=\"4 minutes\" \/>\n<script type=\"application\/ld+json\" class=\"yoast-schema-graph\">{\"@context\":\"https:\\\/\\\/schema.org\",\"@graph\":[{\"@type\":\"WebPage\",\"@id\":\"https:\\\/\\\/ascanioquimica.com\\\/en\\\/legal-advice\\\/\",\"url\":\"https:\\\/\\\/ascanioquimica.com\\\/en\\\/legal-advice\\\/\",\"name\":\"Legal Advice - Ascanio Qu\u00edmica\",\"isPartOf\":{\"@id\":\"https:\\\/\\\/ascanioquimica.com\\\/en\\\/#website\"},\"datePublished\":\"2024-10-29T14:17:17+00:00\",\"dateModified\":\"2024-11-28T15:03:10+00:00\",\"breadcrumb\":{\"@id\":\"https:\\\/\\\/ascanioquimica.com\\\/en\\\/legal-advice\\\/#breadcrumb\"},\"inLanguage\":\"en-US\",\"potentialAction\":[{\"@type\":\"ReadAction\",\"target\":[\"https:\\\/\\\/ascanioquimica.com\\\/en\\\/legal-advice\\\/\"]}]},{\"@type\":\"BreadcrumbList\",\"@id\":\"https:\\\/\\\/ascanioquimica.com\\\/en\\\/legal-advice\\\/#breadcrumb\",\"itemListElement\":[{\"@type\":\"ListItem\",\"position\":1,\"name\":\"Portada\",\"item\":\"https:\\\/\\\/ascanioquimica.com\\\/en\\\/\"},{\"@type\":\"ListItem\",\"position\":2,\"name\":\"Legal Advice\"}]},{\"@type\":\"WebSite\",\"@id\":\"https:\\\/\\\/ascanioquimica.com\\\/en\\\/#website\",\"url\":\"https:\\\/\\\/ascanioquimica.com\\\/en\\\/\",\"name\":\"Ascanio Qu\u00edmica\",\"description\":\"Soluciones Qu\u00edmicas para Canarias\",\"publisher\":{\"@id\":\"https:\\\/\\\/ascanioquimica.com\\\/en\\\/#organization\"},\"potentialAction\":[{\"@type\":\"SearchAction\",\"target\":{\"@type\":\"EntryPoint\",\"urlTemplate\":\"https:\\\/\\\/ascanioquimica.com\\\/en\\\/?s={search_term_string}\"},\"query-input\":{\"@type\":\"PropertyValueSpecification\",\"valueRequired\":true,\"valueName\":\"search_term_string\"}}],\"inLanguage\":\"en-US\"},{\"@type\":\"Organization\",\"@id\":\"https:\\\/\\\/ascanioquimica.com\\\/en\\\/#organization\",\"name\":\"Ascanio Qu\u00edmica\",\"url\":\"https:\\\/\\\/ascanioquimica.com\\\/en\\\/\",\"logo\":{\"@type\":\"ImageObject\",\"inLanguage\":\"en-US\",\"@id\":\"https:\\\/\\\/ascanioquimica.com\\\/en\\\/#\\\/schema\\\/logo\\\/image\\\/\",\"url\":\"https:\\\/\\\/ascanioquimica.com\\\/wp-content\\\/uploads\\\/2024\\\/10\\\/ascanioq-logo-footer-v1.png\",\"contentUrl\":\"https:\\\/\\\/ascanioquimica.com\\\/wp-content\\\/uploads\\\/2024\\\/10\\\/ascanioq-logo-footer-v1.png\",\"width\":200,\"height\":153,\"caption\":\"Ascanio Qu\u00edmica\"},\"image\":{\"@id\":\"https:\\\/\\\/ascanioquimica.com\\\/en\\\/#\\\/schema\\\/logo\\\/image\\\/\"},\"sameAs\":[\"https:\\\/\\\/www.facebook.com\\\/Ascanio-Qumica-SA-856072077864941\\\/\",\"https:\\\/\\\/x.com\\\/AscanioQuimica\",\"https:\\\/\\\/www.instagram.com\\\/ascanioquimica\\\/\"]}]}<\/script>\n<!-- \/ Yoast SEO plugin. -->","yoast_head_json":{"title":"Legal Advice - Ascanio Qu\u00edmica","robots":{"index":"index","follow":"follow","max-snippet":"max-snippet:-1","max-image-preview":"max-image-preview:large","max-video-preview":"max-video-preview:-1"},"canonical":"https:\/\/ascanioquimica.com\/en\/legal-advice\/","og_locale":"en_US","og_type":"article","og_title":"Legal Advice - Ascanio Qu\u00edmica","og_description":"LEGAL NOTICE AND TERMS OF USE OF THE SITE General information In accordance with the duty of information required by Law 34\/2002, of July 11, 2002, of Information Society Services and Electronic Commerce, the general information of the website is detailed below: ASCANIO QU\u00cdMICA S.A.- A38026605 POL.IND.VALLE DE G\u00dc\u00cdMAR, M7-P1- 38509 CANDELARIA Mercantile Registry of [&hellip;]","og_url":"https:\/\/ascanioquimica.com\/en\/legal-advice\/","og_site_name":"Ascanio Qu\u00edmica","article_publisher":"https:\/\/www.facebook.com\/Ascanio-Qumica-SA-856072077864941\/","article_modified_time":"2024-11-28T15:03:10+00:00","og_image":[{"width":200,"height":153,"url":"https:\/\/ascanioquimica.com\/wp-content\/uploads\/2024\/10\/ascanioq-logo-footer-v1.png","type":"image\/png"}],"twitter_card":"summary_large_image","twitter_site":"@AscanioQuimica","twitter_misc":{"Est. reading time":"4 minutes"},"schema":{"@context":"https:\/\/schema.org","@graph":[{"@type":"WebPage","@id":"https:\/\/ascanioquimica.com\/en\/legal-advice\/","url":"https:\/\/ascanioquimica.com\/en\/legal-advice\/","name":"Legal Advice - Ascanio Qu\u00edmica","isPartOf":{"@id":"https:\/\/ascanioquimica.com\/en\/#website"},"datePublished":"2024-10-29T14:17:17+00:00","dateModified":"2024-11-28T15:03:10+00:00","breadcrumb":{"@id":"https:\/\/ascanioquimica.com\/en\/legal-advice\/#breadcrumb"},"inLanguage":"en-US","potentialAction":[{"@type":"ReadAction","target":["https:\/\/ascanioquimica.com\/en\/legal-advice\/"]}]},{"@type":"BreadcrumbList","@id":"https:\/\/ascanioquimica.com\/en\/legal-advice\/#breadcrumb","itemListElement":[{"@type":"ListItem","position":1,"name":"Portada","item":"https:\/\/ascanioquimica.com\/en\/"},{"@type":"ListItem","position":2,"name":"Legal Advice"}]},{"@type":"WebSite","@id":"https:\/\/ascanioquimica.com\/en\/#website","url":"https:\/\/ascanioquimica.com\/en\/","name":"Ascanio Qu\u00edmica","description":"Soluciones Qu\u00edmicas para Canarias","publisher":{"@id":"https:\/\/ascanioquimica.com\/en\/#organization"},"potentialAction":[{"@type":"SearchAction","target":{"@type":"EntryPoint","urlTemplate":"https:\/\/ascanioquimica.com\/en\/?s={search_term_string}"},"query-input":{"@type":"PropertyValueSpecification","valueRequired":true,"valueName":"search_term_string"}}],"inLanguage":"en-US"},{"@type":"Organization","@id":"https:\/\/ascanioquimica.com\/en\/#organization","name":"Ascanio Qu\u00edmica","url":"https:\/\/ascanioquimica.com\/en\/","logo":{"@type":"ImageObject","inLanguage":"en-US","@id":"https:\/\/ascanioquimica.com\/en\/#\/schema\/logo\/image\/","url":"https:\/\/ascanioquimica.com\/wp-content\/uploads\/2024\/10\/ascanioq-logo-footer-v1.png","contentUrl":"https:\/\/ascanioquimica.com\/wp-content\/uploads\/2024\/10\/ascanioq-logo-footer-v1.png","width":200,"height":153,"caption":"Ascanio Qu\u00edmica"},"image":{"@id":"https:\/\/ascanioquimica.com\/en\/#\/schema\/logo\/image\/"},"sameAs":["https:\/\/www.facebook.com\/Ascanio-Qumica-SA-856072077864941\/","https:\/\/x.com\/AscanioQuimica","https:\/\/www.instagram.com\/ascanioquimica\/"]}]}},"_links":{"self":[{"href":"https:\/\/ascanioquimica.com\/en\/wp-json\/wp\/v2\/pages\/10118","targetHints":{"allow":["GET"]}}],"collection":[{"href":"https:\/\/ascanioquimica.com\/en\/wp-json\/wp\/v2\/pages"}],"about":[{"href":"https:\/\/ascanioquimica.com\/en\/wp-json\/wp\/v2\/types\/page"}],"author":[{"embeddable":true,"href":"https:\/\/ascanioquimica.com\/en\/wp-json\/wp\/v2\/users\/1"}],"replies":[{"embeddable":true,"href":"https:\/\/ascanioquimica.com\/en\/wp-json\/wp\/v2\/comments?post=10118"}],"version-history":[{"count":1,"href":"https:\/\/ascanioquimica.com\/en\/wp-json\/wp\/v2\/pages\/10118\/revisions"}],"predecessor-version":[{"id":10119,"href":"https:\/\/ascanioquimica.com\/en\/wp-json\/wp\/v2\/pages\/10118\/revisions\/10119"}],"wp:attachment":[{"href":"https:\/\/ascanioquimica.com\/en\/wp-json\/wp\/v2\/media?parent=10118"}],"curies":[{"name":"wp","href":"https:\/\/api.w.org\/{rel}","templated":true}]}}